{"id":1072,"date":"2022-07-19T13:11:43","date_gmt":"2022-07-19T13:11:43","guid":{"rendered":"https:\/\/araflowers.ro\/?post_type=product&#038;p=1072"},"modified":"2025-12-09T13:04:36","modified_gmt":"2025-12-09T13:04:36","slug":"vin-rose","status":"publish","type":"product","link":"https:\/\/araflowers.ro\/en\/product\/vin-rose\/","title":{"rendered":"ROSE wine"},"content":{"rendered":"<h3 class=\"\" data-start=\"94\" data-end=\"152\"><strong data-start=\"98\" data-end=\"149\">Vin ROSE \u2013 Savoare \u0219i Elegan\u021b\u0103 \u00een Fiecare Pahar<\/strong> \ud83c\udf47<\/h3>\n<p class=\"\" data-start=\"154\" data-end=\"757\">Vinul ROSE este perfect pentru acele momente c\u00e2nd vrei s\u0103 te r\u0103sfe\u021bi sau s\u0103 impresionezi. Fie c\u0103 este vorba despre o cin\u0103 romantic\u0103, o petrecere cu prietenii sau un cadou elegant, vinul ROSE adaug\u0103 un strop de rafinament oric\u0103rei ocazii. La <strong data-start=\"395\" data-end=\"410\">ARA Flowers<\/strong>, \u00ee\u021bi oferim vin ROSE de cea mai bun\u0103 calitate, selectat cu grij\u0103 pentru a \u00ee\u021bi satisface gusturile rafinate. Pre\u021bul include o <strong data-start=\"536\" data-end=\"556\">felicitare cadou<\/strong>, iar <strong data-start=\"562\" data-end=\"603\">livrarea este gratuit\u0103 \u00een Cluj-Napoca<\/strong>, pentru ca tu s\u0103 te bucuri rapid de vinul ales. Produsele noastre pot suferi mici modific\u0103ri \u00een func\u021bie de stoc \u0219i sezon, dar calitatea r\u0103m\u00e2ne constant\u0103.<\/p>\n<ul data-start=\"759\" data-end=\"919\">\n<li class=\"\" data-start=\"759\" data-end=\"801\">\n<p class=\"\" data-start=\"761\" data-end=\"801\"><strong data-start=\"761\" data-end=\"796\">Livrare gratuit\u0103 \u00een Cluj-Napoca<\/strong> \ud83c\udf47<\/p>\n<\/li>\n<li class=\"\" data-start=\"802\" data-end=\"877\">\n<p class=\"\" data-start=\"804\" data-end=\"877\"><strong data-start=\"804\" data-end=\"832\">Comand\u0103 simpl\u0103 \u0219i rapid\u0103<\/strong> pe <a class=\"\" href=\"https:\/\/araflowers.ro\/en\/\" target=\"_new\" rel=\"noopener\" data-start=\"836\" data-end=\"875\">araFlowers.ro<\/a><\/p>\n<\/li>\n<li class=\"\" data-start=\"878\" data-end=\"919\">\n<p class=\"\" data-start=\"880\" data-end=\"919\"><strong data-start=\"880\" data-end=\"908\">Felicitare personalizat\u0103<\/strong> inclus\u0103 \ud83c\udf81<\/p>\n<\/li>\n<\/ul>\n<p class=\"\" data-start=\"921\" data-end=\"1027\">\ud83d\udd39 <strong data-start=\"924\" data-end=\"956\">Vezi mai multe pe Instagram:<\/strong> <a class=\"\" href=\"https:\/\/www.instagram.com\/araflowers.ro\/\" target=\"_new\" rel=\"noopener\" data-start=\"957\" data-end=\"1027\">Instagram : @araflowers.ro<\/a><\/p>\n<hr class=\"\" data-start=\"1029\" data-end=\"1032\" \/>","protected":false},"excerpt":{"rendered":"<h3 class=\"\" data-start=\"94\" data-end=\"152\"><strong data-start=\"98\" data-end=\"149\">Vin ROSE \u2013 Savoare \u0219i Elegan\u021b\u0103 \u00een Fiecare Pahar<\/strong> \ud83c\udf47<\/h3>\n<p class=\"\" data-start=\"154\" data-end=\"757\">Vinul ROSE este perfect pentru acele momente c\u00e2nd vrei s\u0103 te r\u0103sfe\u021bi sau s\u0103 impresionezi. Fie c\u0103 este vorba despre o cin\u0103 romantic\u0103, o petrecere cu prietenii sau un cadou elegant, vinul ROSE adaug\u0103 un strop de rafinament oric\u0103rei ocazii. La <strong data-start=\"395\" data-end=\"410\">ARA Flowers<\/strong>, \u00ee\u021bi oferim vin ROSE de cea mai bun\u0103 calitate, selectat cu grij\u0103 pentru a \u00ee\u021bi satisface gusturile rafinate. Pre\u021bul include o <strong data-start=\"536\" data-end=\"556\">felicitare cadou<\/strong>, iar <strong data-start=\"562\" data-end=\"603\">livrarea este gratuit\u0103 \u00een Cluj-Napoca<\/strong>, pentru ca tu s\u0103 te bucuri rapid de vinul ales. Produsele noastre pot suferi mici modific\u0103ri \u00een func\u021bie de stoc \u0219i sezon, dar calitatea r\u0103m\u00e2ne constant\u0103.<\/p>\n<ul data-start=\"759\" data-end=\"919\">\n<li class=\"\" data-start=\"759\" data-end=\"801\">\n<p class=\"\" data-start=\"761\" data-end=\"801\"><strong data-start=\"761\" data-end=\"796\">Livrare gratuit\u0103 \u00een Cluj-Napoca<\/strong> \ud83c\udf47<\/p>\n<\/li>\n<li class=\"\" data-start=\"802\" data-end=\"877\">\n<p class=\"\" data-start=\"804\" data-end=\"877\"><strong data-start=\"804\" data-end=\"832\">Comand\u0103 simpl\u0103 \u0219i rapid\u0103<\/strong> pe <a class=\"\" href=\"https:\/\/araflowers.ro\/en\/\" target=\"_new\" rel=\"noopener\" data-start=\"836\" data-end=\"875\">araFlowers.ro<\/a><\/p>\n<\/li>\n<li class=\"\" data-start=\"878\" data-end=\"919\">\n<p class=\"\" data-start=\"880\" data-end=\"919\"><strong data-start=\"880\" data-end=\"908\">Felicitare personalizat\u0103<\/strong> inclus\u0103 \ud83c\udf81<\/p>\n<\/li>\n<\/ul>\n<p class=\"\" data-start=\"921\" data-end=\"1027\">\ud83d\udd39 <strong data-start=\"924\" data-end=\"956\">Vezi mai multe pe Instagram:<\/strong> <a class=\"\" href=\"https:\/\/www.instagram.com\/araflowers.ro\/\" target=\"_new\" rel=\"noopener\" data-start=\"957\" data-end=\"1027\">Instagram : @araflowers.ro<\/a><\/p>\n<hr class=\"\" data-start=\"1029\" data-end=\"1032\" \/>\n<h2 class=\"\" data-start=\"1034\" data-end=\"1056\"><strong data-start=\"1037\" data-end=\"1056\">Descriere lung\u0103<\/strong><\/h2>\n<h3 class=\"\" data-start=\"1058\" data-end=\"1124\"><strong data-start=\"1062\" data-end=\"1121\">Vin ROSE \u2013 O Alegere Delicioas\u0103 pentru Momente Speciale<\/strong> \ud83c\udf77<\/h3>\n<p class=\"\" data-start=\"1126\" data-end=\"1503\">Vinul ROSE a c\u00e2\u0219tigat popularitate \u00een \u00eentreaga lume datorit\u0103 gustului s\u0103u echilibrat \u0219i a culorii delicate. Este o alegere ideal\u0103 pentru cei care doresc o alternativ\u0103 mai u\u0219oar\u0103 \u0219i proasp\u0103t\u0103 la vinul ro\u0219u, dar care p\u0103streaz\u0103 totu\u0219i complexitatea \u0219i rafinamentul. La <strong data-start=\"1392\" data-end=\"1407\">ARA Flowers<\/strong>, \u00ee\u021bi oferim vin ROSE de calitate superioar\u0103, perfect pentru a completa momentele tale speciale.<\/p>\n<h4 class=\"\" data-start=\"1505\" data-end=\"1561\"><strong data-start=\"1510\" data-end=\"1558\">De ce s\u0103 alegi Vinul ROSE de la ARA Flowers?<\/strong> \ud83c\udf47<\/h4>\n<ul data-start=\"1563\" data-end=\"2240\">\n<li class=\"\" data-start=\"1563\" data-end=\"1710\">\n<p class=\"\" data-start=\"1565\" data-end=\"1710\"><strong data-start=\"1565\" data-end=\"1587\">Vinuri de calitate<\/strong> \u2013 Select\u0103m vinuri ROSE din cele mai bune regiunile viticole, pentru ca tu s\u0103 te bucuri de o b\u0103utur\u0103 rafinat\u0103 \u0219i deosebit\u0103.<\/p>\n<\/li>\n<li class=\"\" data-start=\"1711\" data-end=\"1914\">\n<p class=\"\" data-start=\"1713\" data-end=\"1914\"><strong data-start=\"1713\" data-end=\"1739\">Perfect pentru cadouri<\/strong> \u2013 Dac\u0103 vrei s\u0103 impresionezi cu un cadou elegant \u0219i rafinat, vinul ROSE este alegerea perfect\u0103. Ofer\u0103-l al\u0103turi de o felicitare personalizat\u0103 \u0219i vei face orice moment special.<\/p>\n<\/li>\n<li class=\"\" data-start=\"1915\" data-end=\"2093\">\n<p class=\"\" data-start=\"1917\" data-end=\"2093\"><strong data-start=\"1917\" data-end=\"1947\">Livrare rapid\u0103 \u0219i gratuit\u0103<\/strong> \u2013 Indiferent dac\u0103 vrei s\u0103 comanzi pentru tine sau pentru a oferi un cadou, livrarea \u00een Cluj-Napoca este gratuit\u0103 \u0219i rapid\u0103, \u00een aproximativ 3 ore.<\/p>\n<\/li>\n<li class=\"\" data-start=\"2094\" data-end=\"2240\">\n<p class=\"\" data-start=\"2096\" data-end=\"2240\"><strong data-start=\"2096\" data-end=\"2124\">Felicitare personalizat\u0103<\/strong> \u2013 Fiecare comand\u0103 vine cu o felicitare scris\u0103 manual, ad\u0103ug\u00e2nd un detaliu personal care face cadoul \u0219i mai special.<\/p>\n<\/li>\n<\/ul>\n<hr class=\"\" data-start=\"2242\" data-end=\"2245\" \/>\n<h3 class=\"\" data-start=\"2247\" data-end=\"2289\"><strong data-start=\"2251\" data-end=\"2286\">Cum S\u0103 Te Bucuri de Vinul ROSE?<\/strong> \ud83c\udf77<\/h3>\n<p class=\"\" data-start=\"2291\" data-end=\"2496\">Vinul ROSE este perfect pentru orice ocazie, fie c\u0103 este vorba de o sear\u0103 relaxant\u0103 acas\u0103, un pr\u00e2nz de var\u0103 sau un cadou pentru cineva special. Iat\u0103 c\u00e2teva sugestii pentru a te bucura de acest vin minunat:<\/p>\n<ul data-start=\"2498\" data-end=\"2977\">\n<li class=\"\" data-start=\"2498\" data-end=\"2655\">\n<p class=\"\" data-start=\"2500\" data-end=\"2655\"><strong data-start=\"2500\" data-end=\"2527\">\u00censo\u021be\u0219te o cin\u0103 u\u0219oar\u0103<\/strong> \u2013 Vinul ROSE este ideal pentru a fi servit al\u0103turi de preparate din pe\u0219te, fructe de mare, salate sau preparate u\u0219oare de var\u0103.<\/p>\n<\/li>\n<li class=\"\" data-start=\"2656\" data-end=\"2839\">\n<p class=\"\" data-start=\"2658\" data-end=\"2839\"><strong data-start=\"2658\" data-end=\"2675\">Cadou elegant<\/strong> \u2013 Vinul ROSE este cadoul perfect pentru un prieten sau o persoan\u0103 drag\u0103. Po\u021bi s\u0103-l oferi al\u0103turi de o felicitare personalizat\u0103 pentru un efect cu adev\u0103rat special.<\/p>\n<\/li>\n<li class=\"\" data-start=\"2840\" data-end=\"2977\">\n<p class=\"\" data-start=\"2842\" data-end=\"2977\"><strong data-start=\"2842\" data-end=\"2865\">Momente de relaxare<\/strong> \u2013 Dup\u0103 o zi lung\u0103, deschide o sticl\u0103 de vin ROSE, relaxeaz\u0103-te \u0219i bucur\u0103-te de gustul s\u0103u delicat \u0219i r\u0103coritor.<\/p>\n<\/li>\n<\/ul>\n<hr class=\"\" data-start=\"2979\" data-end=\"2982\" \/>\n<h3 class=\"\" data-start=\"2984\" data-end=\"3038\"><strong data-start=\"2988\" data-end=\"3033\">Cum Comanzi Vinul ROSE de la ARA Flowers?<\/strong> \ud83d\udcde\ud83d\udcbb<\/h3>\n<p class=\"\" data-start=\"3040\" data-end=\"3225\">Pentru a comanda <strong data-start=\"3057\" data-end=\"3069\">vin ROSE<\/strong> de la <strong data-start=\"3076\" data-end=\"3091\">ARA Flowers<\/strong>, tot ce trebuie s\u0103 faci este s\u0103 vizitezi site-ul nostru. Comanda este simpl\u0103 \u0219i rapid\u0103, iar livrarea se face rapid, direct la u\u0219a ta.<\/p>\n<ul data-start=\"3227\" data-end=\"3702\">\n<li class=\"\" data-start=\"3227\" data-end=\"3385\">\n<p class=\"\" data-start=\"3229\" data-end=\"3385\"><strong data-start=\"3229\" data-end=\"3274\">Livrare rapid\u0103 \u0219i gratuit\u0103 \u00een Cluj-Napoca<\/strong> \u2013 Indiferent de ocazie, vinul ROSE va ajunge la tine \u00een aproximativ 3 ore, iar livrarea este complet gratuit\u0103.<\/p>\n<\/li>\n<li class=\"\" data-start=\"3386\" data-end=\"3543\">\n<p class=\"\" data-start=\"3388\" data-end=\"3543\"><strong data-start=\"3388\" data-end=\"3409\">Timpul de livrare<\/strong> \u2013 Comenzile plasate p\u00e2n\u0103 la ora 17:00 vor fi livrate a doua zi. Asigur\u0103-te c\u0103 ai plasat comanda pentru a primi produsul \u00een timp util.<\/p>\n<\/li>\n<li class=\"\" data-start=\"3544\" data-end=\"3702\">\n<p class=\"\" data-start=\"3546\" data-end=\"3702\"><strong data-start=\"3546\" data-end=\"3574\">Felicitare personalizat\u0103<\/strong> \u2013 Fiecare comand\u0103 vine cu o felicitare cadou scris\u0103 caligrafic, un detaliu care face ca orice cadou s\u0103 fie cu adev\u0103rat special.<\/p>\n<\/li>\n<\/ul>\n<p class=\"\" data-start=\"3704\" data-end=\"3825\">Pentru a comanda, viziteaz\u0103 <a class=\"\" href=\"https:\/\/araflowers.ro\/en\/\" target=\"_new\" rel=\"noopener\" data-start=\"3732\" data-end=\"3771\">araFlowers.ro<\/a> sau vezi mai multe pe <strong data-start=\"3794\" data-end=\"3824\">Instagram : @araflowers.ro<\/strong>.<\/p>","protected":false},"featured_media":1066,"template":"","meta":{"ocean_post_layout":"full-screen","ocean_both_sidebars_style":"","ocean_both_sidebars_content_width":0,"ocean_both_sidebars_sidebars_width":0,"ocean_sidebar":"0","ocean_second_sidebar":"0","ocean_disable_margins":"enable","ocean_add_body_class":"","ocean_shortcode_before_top_bar":"","ocean_shortcode_after_top_bar":"","ocean_shortcode_before_header":"","ocean_shortcode_after_header":"","ocean_has_shortcode":"","ocean_shortcode_after_title":"","ocean_shortcode_before_footer_widgets":"","ocean_shortcode_after_footer_widgets":"","ocean_shortcode_before_footer_bottom":"","ocean_shortcode_after_footer_bottom":"","ocean_display_top_bar":"default","ocean_display_header":"default","ocean_header_style":"","ocean_center_header_left_menu":"0","ocean_custom_header_template":"0","ocean_custom_logo":0,"ocean_custom_retina_logo":0,"ocean_custom_logo_max_width":0,"ocean_custom_logo_tablet_max_width":0,"ocean_custom_logo_mobile_max_width":0,"ocean_custom_logo_max_height":0,"ocean_custom_logo_tablet_max_height":0,"ocean_custom_logo_mobile_max_height":0,"ocean_header_custom_menu":"0","ocean_menu_typo_font_family":"0","ocean_menu_typo_font_subset":"","ocean_menu_typo_font_size":0,"ocean_menu_typo_font_size_tablet":0,"ocean_menu_typo_font_size_mobile":0,"ocean_menu_typo_font_size_unit":"px","ocean_menu_typo_font_weight":"","ocean_menu_typo_font_weight_tablet":"","ocean_menu_typo_font_weight_mobile":"","ocean_menu_typo_transform":"","ocean_menu_typo_transform_tablet":"","ocean_menu_typo_transform_mobile":"","ocean_menu_typo_line_height":0,"ocean_menu_typo_line_height_tablet":0,"ocean_menu_typo_line_height_mobile":0,"ocean_menu_typo_line_height_unit":"","ocean_menu_typo_spacing":0,"ocean_menu_typo_spacing_tablet":0,"ocean_menu_typo_spacing_mobile":0,"ocean_menu_typo_spacing_unit":"","ocean_menu_link_color":"","ocean_menu_link_color_hover":"","ocean_menu_link_color_active":"","ocean_menu_link_background":"","ocean_menu_link_hover_background":"","ocean_menu_link_active_background":"","ocean_menu_social_links_bg":"","ocean_menu_social_hover_links_bg":"","ocean_menu_social_links_color":"","ocean_menu_social_hover_links_color":"","ocean_disable_title":"default","ocean_disable_heading":"default","ocean_post_title":"","ocean_post_subheading":"","ocean_post_title_style":"","ocean_post_title_background_color":"","ocean_post_title_background":0,"ocean_post_title_bg_image_position":"","ocean_post_title_bg_image_attachment":"","ocean_post_title_bg_image_repeat":"","ocean_post_title_bg_image_size":"","ocean_post_title_height":0,"ocean_post_title_bg_overlay":0.5,"ocean_post_title_bg_overlay_color":"","ocean_disable_breadcrumbs":"default","ocean_breadcrumbs_color":"","ocean_breadcrumbs_separator_color":"","ocean_breadcrumbs_links_color":"","ocean_breadcrumbs_links_hover_color":"","ocean_display_footer_widgets":"default","ocean_display_footer_bottom":"default","ocean_custom_footer_template":"0"},"product_brand":[],"product_cat":[26],"product_tag":[],"class_list":{"0":"post-1072","1":"product","2":"type-product","3":"status-publish","4":"has-post-thumbnail","6":"product_cat-gifturi","8":"entry","9":"has-media","11":"first","12":"instock","13":"taxable","14":"shipping-taxable","15":"purchasable","16":"product-type-simple","17":"has-product-nav","18":"col","19":"span_1_of_3","20":"owp-content-center","21":"item-entry","22":"owp-thumbs-layout-horizontal","23":"owp-btn-normal","24":"owp-tabs-layout-horizontal","25":"has-no-thumbnails"},"_links":{"self":[{"href":"https:\/\/araflowers.ro\/en\/wp-json\/wp\/v2\/product\/1072","targetHints":{"allow":["GET"]}}],"collection":[{"href":"https:\/\/araflowers.ro\/en\/wp-json\/wp\/v2\/product"}],"about":[{"href":"https:\/\/araflowers.ro\/en\/wp-json\/wp\/v2\/types\/product"}],"wp:featuredmedia":[{"embeddable":true,"href":"https:\/\/araflowers.ro\/en\/wp-json\/wp\/v2\/media\/1066"}],"wp:attachment":[{"href":"https:\/\/araflowers.ro\/en\/wp-json\/wp\/v2\/media?parent=1072"}],"wp:term":[{"taxonomy":"product_brand","embeddable":true,"href":"https:\/\/araflowers.ro\/en\/wp-json\/wp\/v2\/product_brand?post=1072"},{"taxonomy":"product_cat","embeddable":true,"href":"https:\/\/araflowers.ro\/en\/wp-json\/wp\/v2\/product_cat?post=1072"},{"taxonomy":"product_tag","embeddable":true,"href":"https:\/\/araflowers.ro\/en\/wp-json\/wp\/v2\/product_tag?post=1072"}],"curies":[{"name":"wp","href":"https:\/\/api.w.org\/{rel}","templated":true}]}}