{"id":1046,"date":"2022-07-19T13:04:14","date_gmt":"2022-07-19T13:04:14","guid":{"rendered":"https:\/\/araflowers.ro\/?post_type=product&#038;p=1046"},"modified":"2026-02-19T14:39:06","modified_gmt":"2026-02-19T14:39:06","slug":"aranajament-o-lume-roz","status":"publish","type":"product","link":"https:\/\/araflowers.ro\/en\/product\/aranajament-o-lume-roz\/","title":{"rendered":"Arrangement A PINK WORLD"},"content":{"rendered":"<p class=\"\" data-start=\"23\" data-end=\"426\"><strong data-start=\"23\" data-end=\"87\">Aranjament O Lume Roz \u2013 Elegan\u021b\u0103 Floral\u0103 \u00een Nuante de Roz \ud83d\udc90<\/strong><br data-start=\"87\" data-end=\"90\" \/>Alege Aranjamentul O Lume Roz din Atelierul ARA Flowers, un cadou floral elegant care combin\u0103 bujori, anthurium, hortensie, garoafe, gura leului \u0219i lisianthus, prezentate \u00eentr-o cutie roz catifea inscrip\u021bionat\u0103 ARA. Perfect pentru a s\u0103rb\u0103tori momente speciale, acest aranjament aduce o explozie de culoare \u0219i rafinament \u00een orice camer\u0103.<\/p>\n<p class=\"\" data-start=\"428\" data-end=\"687\"><strong data-start=\"428\" data-end=\"476\">Livrare rapid\u0103 \u0219i gratuit\u0103 \u00een Cluj-Napoca \ud83d\ude9a<\/strong><br data-start=\"476\" data-end=\"479\" \/>Cadou floral personalizat, ideal pentru orice ocazie special\u0103 \ud83c\udf89<br data-start=\"543\" data-end=\"546\" \/>Felicitare caligrafic\u0103 personalizat\u0103 inclus\u0103 \u270d\ufe0f<br data-start=\"593\" data-end=\"596\" \/>\ud83d\udd39 Comand\u0103 acum pe Instagram : <a href=\"https:\/\/www.instagram.com\/araflowers.ro\/\">@araflowers.ro<\/a><br data-start=\"652\" data-end=\"655\" \/>\ud83d\udd39 Viziteaz\u0103-ne pe <a href=\"https:\/\/araflowers.ro\/en\/\">araFlowers.ro<\/a><\/p>","protected":false},"excerpt":{"rendered":"<h3 class=\"\" data-start=\"716\" data-end=\"784\">Aranjament O Lume Roz \u2013 Un Cadou Floral Elegan\u021b\u0103 \u0219i Frumuse\u021be \ud83d\udc96<\/h3>\n<p class=\"\" data-start=\"786\" data-end=\"1112\">Aranjamentul <strong data-start=\"799\" data-end=\"813\">O Lume Roz<\/strong> din Atelierul ARA Flowers este o alegere perfect\u0103 pentru cei care vor s\u0103 aduc\u0103 un strop de frumuse\u021be \u0219i rafinament \u00een via\u021ba celor dragi. Acesta este un cadou floral ce combin\u0103 flori delicate \u0219i elegante, prezentate \u00eentr-o cutie roz catifea inscrip\u021bionat\u0103 ARA, pentru a crea o experien\u021b\u0103 de neuitat.<\/p>\n<h3 class=\"\" data-start=\"1114\" data-end=\"1156\">Ce Con\u021bine Aranjamentul O Lume Roz? \ud83c\udf81<\/h3>\n<p class=\"\" data-start=\"1158\" data-end=\"1323\">Aranjamentul con\u021bine o selec\u021bie atent aleas\u0103 de flori premium, care se potrivesc perfect \u00eentr-o cutie elegant\u0103 de catifea roz, inscrip\u021bionat\u0103 cu logo-ul ARA Flowers:<\/p>\n<ul data-start=\"1324\" data-end=\"1906\">\n<li class=\"\" data-start=\"1324\" data-end=\"1433\">\n<p class=\"\" data-start=\"1326\" data-end=\"1433\"><strong data-start=\"1326\" data-end=\"1336\">Bujori<\/strong> \u2013 simbol al frumuse\u021bii \u0219i al elegan\u021bei, bujorii aduc o not\u0103 delicat\u0103 \u0219i rafinat\u0103 aranjamentului.<\/p>\n<\/li>\n<li class=\"\" data-start=\"1434\" data-end=\"1523\">\n<p class=\"\" data-start=\"1436\" data-end=\"1523\"><strong data-start=\"1436\" data-end=\"1449\">Anthurium<\/strong> \u2013 o floare cu un aspect unic \u0219i elegant, care adaug\u0103 un strop de exotism.<\/p>\n<\/li>\n<li class=\"\" data-start=\"1524\" data-end=\"1607\">\n<p class=\"\" data-start=\"1526\" data-end=\"1607\"><strong data-start=\"1526\" data-end=\"1539\">Hortensie<\/strong> \u2013 o floare voluminoas\u0103 care adaug\u0103 un efect spectaculos \u0219i rafinat.<\/p>\n<\/li>\n<li class=\"\" data-start=\"1608\" data-end=\"1726\">\n<p class=\"\" data-start=\"1610\" data-end=\"1726\"><strong data-start=\"1610\" data-end=\"1621\">Garoafe<\/strong> \u2013 cu petale fine \u0219i o mare varietate de culori, garoafele adaug\u0103 un contrast frumos \u00een acest aranjament.<\/p>\n<\/li>\n<li class=\"\" data-start=\"1727\" data-end=\"1805\">\n<p class=\"\" data-start=\"1729\" data-end=\"1805\"><strong data-start=\"1729\" data-end=\"1744\">Gura leului<\/strong> \u2013 o floare vibrant\u0103, care aduce un strop de culoare intens\u0103.<\/p>\n<\/li>\n<li class=\"\" data-start=\"1806\" data-end=\"1906\">\n<p class=\"\" data-start=\"1808\" data-end=\"1906\"><strong data-start=\"1808\" data-end=\"1822\">Lisianthus<\/strong> \u2013 o floare elegant\u0103 cu un aspect rafinat, care completeaz\u0103 perfect restul florilor.<\/p>\n<\/li>\n<\/ul>\n<h3 class=\"\" data-start=\"1908\" data-end=\"1972\">De ce s\u0103 Alegi Aranjamentul O Lume Roz de la ARA Flowers? \ud83c\udf89<\/h3>\n<p class=\"\" data-start=\"1974\" data-end=\"2367\">La ARA Flowers, fiecare aranjament este realizat cu pasiune \u0219i aten\u021bie la detalii, folosind doar flori de cea mai \u00eenalt\u0103 calitate. <strong data-start=\"2105\" data-end=\"2132\">Aranjamentul O Lume Roz<\/strong> este ideal pentru a surprinde o persoan\u0103 special\u0103 din via\u021ba ta, fie c\u0103 este vorba de o aniversare, o s\u0103rb\u0103toare sau un alt moment important. Acesta adaug\u0103 o not\u0103 de elegan\u021b\u0103 \u0219i frumuse\u021be oric\u0103rei \u00eenc\u0103peri, devenind un cadou memorabil.<\/p>\n<h4 class=\"\" data-start=\"2369\" data-end=\"2418\">Livrare Rapid\u0103 \u0219i Gratuit\u0103 \u00een Cluj-Napoca \ud83d\ude9a<\/h4>\n<p class=\"\" data-start=\"2420\" data-end=\"2644\">Livrarea se face rapid \u0219i gratuit \u00een Cluj-Napoca, astfel \u00eenc\u00e2t s\u0103 te asiguri c\u0103 florile ajung \u00eentr-o stare perfect\u0103. Timpul de livrare este de aproximativ 3 ore, iar comenzile plasate dup\u0103 ora 17:00 vor fi livrate a doua zi.<\/p>\n<h4 class=\"\" data-start=\"2646\" data-end=\"2690\">Felicitare Caligrafic\u0103 Personalizat\u0103 \u270d\ufe0f<\/h4>\n<p class=\"\" data-start=\"2692\" data-end=\"2843\">Fiecare comand\u0103 vine cu o felicitare personalizat\u0103, scris\u0103 manual cu un mesaj frumos, ad\u0103ug\u00e2nd un plus de elegan\u021b\u0103 \u0219i o not\u0103 personal\u0103 cadoului oferit.<\/p>\n<h4 class=\"\" data-start=\"2845\" data-end=\"2889\">Perfect pentru Orice Ocazie Special\u0103 \ud83c\udf81<\/h4>\n<p class=\"\" data-start=\"2891\" data-end=\"3169\">Indiferent de ocazie, <strong data-start=\"2913\" data-end=\"2940\">Aranjamentul O Lume Roz<\/strong> este cadoul ideal pentru a ad\u0103uga un strop de frumuse\u021be \u0219i rafinament momentului t\u0103u special. Acesta poate fi oferit cu ocazia unei anivers\u0103ri, unui eveniment special sau pur \u0219i simplu pentru a aduce bucurie \u00een via\u021ba cuiva drag.<\/p>\n<h3 class=\"\" data-start=\"3171\" data-end=\"3216\">Cum Po\u021bi Comanda Aranjamentul O Lume Roz?<\/h3>\n<p class=\"\" data-start=\"3218\" data-end=\"3530\">Pentru a comanda acest aranjament floral unic, viziteaz\u0103 <a class=\"\" href=\"https:\/\/www.instagram.com\/araflowers.ro\/\" target=\"_new\" rel=\"noopener\" data-start=\"3275\" data-end=\"3345\">Instagram : @araflowers.ro<\/a> sau site-ul nostru <a class=\"\" href=\"https:\/\/araflowers.ro\/en\/\" target=\"_new\" rel=\"noopener\" data-start=\"3365\" data-end=\"3404\">araFlowers.ro<\/a>. Alege aranjamentul dorit \u0219i las\u0103-ne s\u0103 ne ocup\u0103m de restul \u2013 de la crearea aranjamentului p\u00e2n\u0103 la livrarea rapid\u0103 \u0219i sigur\u0103.<\/p>\n<hr class=\"\" data-start=\"3532\" data-end=\"3535\" \/>","protected":false},"featured_media":1014,"template":"","meta":{"ocean_post_layout":"full-screen","ocean_both_sidebars_style":"","ocean_both_sidebars_content_width":0,"ocean_both_sidebars_sidebars_width":0,"ocean_sidebar":"0","ocean_second_sidebar":"0","ocean_disable_margins":"enable","ocean_add_body_class":"","ocean_shortcode_before_top_bar":"","ocean_shortcode_after_top_bar":"","ocean_shortcode_before_header":"","ocean_shortcode_after_header":"","ocean_has_shortcode":"","ocean_shortcode_after_title":"","ocean_shortcode_before_footer_widgets":"","ocean_shortcode_after_footer_widgets":"","ocean_shortcode_before_footer_bottom":"","ocean_shortcode_after_footer_bottom":"","ocean_display_top_bar":"default","ocean_display_header":"default","ocean_header_style":"","ocean_center_header_left_menu":"0","ocean_custom_header_template":"0","ocean_custom_logo":0,"ocean_custom_retina_logo":0,"ocean_custom_logo_max_width":0,"ocean_custom_logo_tablet_max_width":0,"ocean_custom_logo_mobile_max_width":0,"ocean_custom_logo_max_height":0,"ocean_custom_logo_tablet_max_height":0,"ocean_custom_logo_mobile_max_height":0,"ocean_header_custom_menu":"0","ocean_menu_typo_font_family":"0","ocean_menu_typo_font_subset":"","ocean_menu_typo_font_size":0,"ocean_menu_typo_font_size_tablet":0,"ocean_menu_typo_font_size_mobile":0,"ocean_menu_typo_font_size_unit":"px","ocean_menu_typo_font_weight":"","ocean_menu_typo_font_weight_tablet":"","ocean_menu_typo_font_weight_mobile":"","ocean_menu_typo_transform":"","ocean_menu_typo_transform_tablet":"","ocean_menu_typo_transform_mobile":"","ocean_menu_typo_line_height":0,"ocean_menu_typo_line_height_tablet":0,"ocean_menu_typo_line_height_mobile":0,"ocean_menu_typo_line_height_unit":"","ocean_menu_typo_spacing":0,"ocean_menu_typo_spacing_tablet":0,"ocean_menu_typo_spacing_mobile":0,"ocean_menu_typo_spacing_unit":"","ocean_menu_link_color":"","ocean_menu_link_color_hover":"","ocean_menu_link_color_active":"","ocean_menu_link_background":"","ocean_menu_link_hover_background":"","ocean_menu_link_active_background":"","ocean_menu_social_links_bg":"","ocean_menu_social_hover_links_bg":"","ocean_menu_social_links_color":"","ocean_menu_social_hover_links_color":"","ocean_disable_title":"default","ocean_disable_heading":"default","ocean_post_title":"","ocean_post_subheading":"","ocean_post_title_style":"","ocean_post_title_background_color":"","ocean_post_title_background":0,"ocean_post_title_bg_image_position":"","ocean_post_title_bg_image_attachment":"","ocean_post_title_bg_image_repeat":"","ocean_post_title_bg_image_size":"","ocean_post_title_height":0,"ocean_post_title_bg_overlay":0.5,"ocean_post_title_bg_overlay_color":"","ocean_disable_breadcrumbs":"default","ocean_breadcrumbs_color":"","ocean_breadcrumbs_separator_color":"","ocean_breadcrumbs_links_color":"","ocean_breadcrumbs_links_hover_color":"","ocean_display_footer_widgets":"default","ocean_display_footer_bottom":"default","ocean_custom_footer_template":"0"},"product_brand":[],"product_cat":[25],"product_tag":[],"class_list":{"0":"post-1046","1":"product","2":"type-product","3":"status-publish","4":"has-post-thumbnail","6":"product_cat-aranjamente","8":"entry","9":"has-media","11":"first","12":"instock","13":"taxable","14":"shipping-taxable","15":"purchasable","16":"product-type-variable","17":"has-product-nav","18":"col","19":"span_1_of_3","20":"owp-content-center","21":"item-entry","22":"owp-thumbs-layout-horizontal","23":"owp-btn-normal","24":"owp-tabs-layout-horizontal"},"_links":{"self":[{"href":"https:\/\/araflowers.ro\/en\/wp-json\/wp\/v2\/product\/1046","targetHints":{"allow":["GET"]}}],"collection":[{"href":"https:\/\/araflowers.ro\/en\/wp-json\/wp\/v2\/product"}],"about":[{"href":"https:\/\/araflowers.ro\/en\/wp-json\/wp\/v2\/types\/product"}],"wp:featuredmedia":[{"embeddable":true,"href":"https:\/\/araflowers.ro\/en\/wp-json\/wp\/v2\/media\/1014"}],"wp:attachment":[{"href":"https:\/\/araflowers.ro\/en\/wp-json\/wp\/v2\/media?parent=1046"}],"wp:term":[{"taxonomy":"product_brand","embeddable":true,"href":"https:\/\/araflowers.ro\/en\/wp-json\/wp\/v2\/product_brand?post=1046"},{"taxonomy":"product_cat","embeddable":true,"href":"https:\/\/araflowers.ro\/en\/wp-json\/wp\/v2\/product_cat?post=1046"},{"taxonomy":"product_tag","embeddable":true,"href":"https:\/\/araflowers.ro\/en\/wp-json\/wp\/v2\/product_tag?post=1046"}],"curies":[{"name":"wp","href":"https:\/\/api.w.org\/{rel}","templated":true}]}}