{"id":1042,"date":"2022-07-19T13:03:27","date_gmt":"2022-07-19T13:03:27","guid":{"rendered":"https:\/\/araflowers.ro\/?post_type=product&#038;p=1042"},"modified":"2026-02-19T14:31:13","modified_gmt":"2026-02-19T14:31:13","slug":"aranjament-insieme-ara-flowers","status":"publish","type":"product","link":"https:\/\/araflowers.ro\/en\/product\/aranjament-insieme-ara-flowers\/","title":{"rendered":"Arrangement TOGETHER"},"content":{"rendered":"<p class=\"\" data-start=\"23\" data-end=\"451\"><strong data-start=\"23\" data-end=\"105\">Aranjament INSIEME \u2013 O combina\u021bie de Flori Delicate pentru Momente Speciale \ud83d\udc90<\/strong><br data-start=\"105\" data-end=\"108\" \/>Aranjamentul INSIEME din Atelierul ARA Flowers este un cadou floral elegant care include hortensie, garoafe, ranunculus, delphinium \u0219i eucalipt, toate dispuse cu grij\u0103 \u00eentr-o cutie rotund\u0103. Perfect pentru a ad\u0103uga o not\u0103 de rafinament \u0219i frumuse\u021be oric\u0103rei ocazii speciale, acest aranjament va aduce un z\u00e2mbet pe chipul celui care \u00eel prime\u0219te.<\/p>\n<p class=\"\" data-start=\"453\" data-end=\"714\"><strong data-start=\"453\" data-end=\"501\">Livrare rapid\u0103 \u0219i gratuit\u0103 \u00een Cluj-Napoca \ud83d\ude9a<\/strong><br data-start=\"501\" data-end=\"504\" \/>Cadou floral personalizat, ideal pentru orice eveniment special \ud83c\udf89<br data-start=\"570\" data-end=\"573\" \/>Felicitare caligrafic\u0103 personalizat\u0103 inclus\u0103 \u270d\ufe0f<br data-start=\"620\" data-end=\"623\" \/>\ud83d\udd39 Comand\u0103 acum pe Instagram :<a href=\"https:\/\/www.instagram.com\/araflowers.ro\/\"> @araflowers.ro<\/a><br data-start=\"679\" data-end=\"682\" \/>\ud83d\udd39 Viziteaz\u0103-ne pe <a href=\"https:\/\/araflowers.ro\/en\/\">araFlowers.ro<\/a><\/p>","protected":false},"excerpt":{"rendered":"<h3 class=\"\" data-start=\"743\" data-end=\"808\">Aranjament INSIEME \u2013 Un Cadou Floral Elegant \u0219i Rafinament \ud83d\udc96<\/h3>\n<p class=\"\" data-start=\"810\" data-end=\"1212\"><strong data-start=\"810\" data-end=\"834\">Aranjamentul INSIEME<\/strong> din Atelierul ARA Flowers este o alegere perfect\u0103 pentru orice ocazie special\u0103. Acest cadou floral aduce \u00eempreun\u0103 flori rafinate \u0219i delicate, cu un design elegant care va surprinde pl\u0103cut pe oricine \u00eel prime\u0219te. Combin\u00e2nd o selec\u021bie de flori deosebite, <strong data-start=\"1088\" data-end=\"1112\">Aranjamentul INSIEME<\/strong> este ideal pentru a ad\u0103uga o not\u0103 de frumuse\u021be \u0219i sofisticare \u00een orice moment special din via\u021ba ta.<\/p>\n<h3 class=\"\" data-start=\"1214\" data-end=\"1253\">Ce Con\u021bine Aranjamentul INSIEME? \ud83c\udf81<\/h3>\n<p class=\"\" data-start=\"1255\" data-end=\"1358\">Aranjamentul INSIEME este realizat cu flori premium, atent alese pentru a crea un efect vizual uimitor:<\/p>\n<ul data-start=\"1359\" data-end=\"1940\">\n<li class=\"\" data-start=\"1359\" data-end=\"1505\">\n<p class=\"\" data-start=\"1361\" data-end=\"1505\"><strong data-start=\"1361\" data-end=\"1374\">Hortensie<\/strong> \u2013 cunoscut\u0103 pentru forma sa spectaculoas\u0103 \u0219i culorile delicate, hortensia este o floare care adaug\u0103 un impact vizual impresionant.<\/p>\n<\/li>\n<li class=\"\" data-start=\"1506\" data-end=\"1617\">\n<p class=\"\" data-start=\"1508\" data-end=\"1617\"><strong data-start=\"1508\" data-end=\"1519\">Garoafe<\/strong> \u2013 cu un parfum subtil \u0219i o form\u0103 elegant\u0103, garoafele completeaz\u0103 perfect designul aranjamentului.<\/p>\n<\/li>\n<li class=\"\" data-start=\"1618\" data-end=\"1724\">\n<p class=\"\" data-start=\"1620\" data-end=\"1724\"><strong data-start=\"1620\" data-end=\"1634\">Ranunculus<\/strong> \u2013 cu petale delicate \u0219i str\u0103lucitoare, ranunculusul adaug\u0103 un plus de elegan\u021b\u0103 \u0219i fine\u021be.<\/p>\n<\/li>\n<li class=\"\" data-start=\"1725\" data-end=\"1827\">\n<p class=\"\" data-start=\"1727\" data-end=\"1827\"><strong data-start=\"1727\" data-end=\"1741\">Delphinium<\/strong> \u2013 o floare albastr\u0103 sau violet\u0103, care adaug\u0103 o not\u0103 de culoare intens\u0103 \u0219i rafinament.<\/p>\n<\/li>\n<li class=\"\" data-start=\"1828\" data-end=\"1940\">\n<p class=\"\" data-start=\"1830\" data-end=\"1940\"><strong data-start=\"1830\" data-end=\"1842\">Eucalipt<\/strong> \u2013 cu frunzele sale verzi \u0219i lucioase, eucaliptul adaug\u0103 un contrast subtil \u0219i un parfum proasp\u0103t.<\/p>\n<\/li>\n<\/ul>\n<h3 class=\"\" data-start=\"1942\" data-end=\"2003\">De ce s\u0103 Alegi Aranjamentul INSIEME de la ARA Flowers? \ud83c\udf89<\/h3>\n<p class=\"\" data-start=\"2005\" data-end=\"2412\"><strong data-start=\"2005\" data-end=\"2029\">Aranjamentul INSIEME<\/strong> este perfect pentru orice moment special, fie c\u0103 este vorba de o aniversare, o s\u0103rb\u0103toare, o ceremonie sau o alt\u0103 ocazie important\u0103. Acesta adaug\u0103 o not\u0103 de elegan\u021b\u0103 \u0219i rafinament \u00een orice locuin\u021b\u0103 sau birou, devenind un cadou memorabil. La ARA Flowers, punem accent pe calitatea fiec\u0103rei flori \u0219i pe aten\u021bia acordat\u0103 fiec\u0103rui detaliu, pentru ca fiecare aranjament s\u0103 fie un succes.<\/p>\n<h4 class=\"\" data-start=\"2414\" data-end=\"2463\">Livrare Rapid\u0103 \u0219i Gratuit\u0103 \u00een Cluj-Napoca \ud83d\ude9a<\/h4>\n<p class=\"\" data-start=\"2465\" data-end=\"2705\">Ne asigur\u0103m c\u0103 florile tale ajung \u00eentr-o stare perfect\u0103, printr-un serviciu de livrare rapid\u0103 \u0219i gratuit\u0103 \u00een Cluj-Napoca. Livrarea se face \u00eentr-un interval de aproximativ 3 ore, iar comenzile plasate dup\u0103 ora 17:00 vor fi livrate a doua zi.<\/p>\n<h4 class=\"\" data-start=\"2707\" data-end=\"2751\">Felicitare Caligrafic\u0103 Personalizat\u0103 \u270d\ufe0f<\/h4>\n<p class=\"\" data-start=\"2753\" data-end=\"2912\">Fiecare comand\u0103 include o felicitare personalizat\u0103, scris\u0103 manual cu un mesaj special, pentru a ad\u0103uga o not\u0103 de elegan\u021b\u0103 \u0219i un plus de personalitate cadoului.<\/p>\n<h4 class=\"\" data-start=\"2914\" data-end=\"2956\">Ideal pentru Orice Ocazie Special\u0103 \ud83c\udf81<\/h4>\n<p class=\"\" data-start=\"2958\" data-end=\"3172\">Indiferent de ocazie, <strong data-start=\"2980\" data-end=\"3004\">Aranjamentul INSIEME<\/strong> va face orice moment cu adev\u0103rat special. Acesta este ideal pentru anivers\u0103ri, zile de na\u0219tere, nun\u021bi, sau doar pentru a aduce un z\u00e2mbet pe chipul unei persoane dragi.<\/p>\n<h3 class=\"\" data-start=\"3174\" data-end=\"3216\">Cum Po\u021bi Comanda Aranjamentul INSIEME?<\/h3>\n<p class=\"\" data-start=\"3218\" data-end=\"3530\">Pentru a comanda acest aranjament floral unic, viziteaz\u0103 <a class=\"\" href=\"https:\/\/www.instagram.com\/araflowers.ro\/\" target=\"_new\" rel=\"noopener\" data-start=\"3275\" data-end=\"3345\">Instagram : @araflowers.ro<\/a> sau site-ul nostru <a class=\"\" href=\"https:\/\/araflowers.ro\/en\/\" target=\"_new\" rel=\"noopener\" data-start=\"3365\" data-end=\"3404\">araFlowers.ro<\/a>. Alege aranjamentul dorit \u0219i las\u0103-ne s\u0103 ne ocup\u0103m de restul \u2013 de la crearea aranjamentului p\u00e2n\u0103 la livrarea rapid\u0103 \u0219i sigur\u0103.<\/p>","protected":false},"featured_media":1012,"template":"","meta":{"ocean_post_layout":"full-screen","ocean_both_sidebars_style":"","ocean_both_sidebars_content_width":0,"ocean_both_sidebars_sidebars_width":0,"ocean_sidebar":"0","ocean_second_sidebar":"0","ocean_disable_margins":"enable","ocean_add_body_class":"","ocean_shortcode_before_top_bar":"","ocean_shortcode_after_top_bar":"","ocean_shortcode_before_header":"","ocean_shortcode_after_header":"","ocean_has_shortcode":"","ocean_shortcode_after_title":"","ocean_shortcode_before_footer_widgets":"","ocean_shortcode_after_footer_widgets":"","ocean_shortcode_before_footer_bottom":"","ocean_shortcode_after_footer_bottom":"","ocean_display_top_bar":"default","ocean_display_header":"default","ocean_header_style":"","ocean_center_header_left_menu":"0","ocean_custom_header_template":"0","ocean_custom_logo":0,"ocean_custom_retina_logo":0,"ocean_custom_logo_max_width":0,"ocean_custom_logo_tablet_max_width":0,"ocean_custom_logo_mobile_max_width":0,"ocean_custom_logo_max_height":0,"ocean_custom_logo_tablet_max_height":0,"ocean_custom_logo_mobile_max_height":0,"ocean_header_custom_menu":"0","ocean_menu_typo_font_family":"0","ocean_menu_typo_font_subset":"","ocean_menu_typo_font_size":0,"ocean_menu_typo_font_size_tablet":0,"ocean_menu_typo_font_size_mobile":0,"ocean_menu_typo_font_size_unit":"px","ocean_menu_typo_font_weight":"","ocean_menu_typo_font_weight_tablet":"","ocean_menu_typo_font_weight_mobile":"","ocean_menu_typo_transform":"","ocean_menu_typo_transform_tablet":"","ocean_menu_typo_transform_mobile":"","ocean_menu_typo_line_height":0,"ocean_menu_typo_line_height_tablet":0,"ocean_menu_typo_line_height_mobile":0,"ocean_menu_typo_line_height_unit":"","ocean_menu_typo_spacing":0,"ocean_menu_typo_spacing_tablet":0,"ocean_menu_typo_spacing_mobile":0,"ocean_menu_typo_spacing_unit":"","ocean_menu_link_color":"","ocean_menu_link_color_hover":"","ocean_menu_link_color_active":"","ocean_menu_link_background":"","ocean_menu_link_hover_background":"","ocean_menu_link_active_background":"","ocean_menu_social_links_bg":"","ocean_menu_social_hover_links_bg":"","ocean_menu_social_links_color":"","ocean_menu_social_hover_links_color":"","ocean_disable_title":"default","ocean_disable_heading":"default","ocean_post_title":"","ocean_post_subheading":"","ocean_post_title_style":"","ocean_post_title_background_color":"","ocean_post_title_background":0,"ocean_post_title_bg_image_position":"","ocean_post_title_bg_image_attachment":"","ocean_post_title_bg_image_repeat":"","ocean_post_title_bg_image_size":"","ocean_post_title_height":0,"ocean_post_title_bg_overlay":0.5,"ocean_post_title_bg_overlay_color":"","ocean_disable_breadcrumbs":"default","ocean_breadcrumbs_color":"","ocean_breadcrumbs_separator_color":"","ocean_breadcrumbs_links_color":"","ocean_breadcrumbs_links_hover_color":"","ocean_display_footer_widgets":"default","ocean_display_footer_bottom":"default","ocean_custom_footer_template":"0"},"product_brand":[],"product_cat":[25],"product_tag":[],"class_list":{"0":"post-1042","1":"product","2":"type-product","3":"status-publish","4":"has-post-thumbnail","6":"product_cat-aranjamente","8":"entry","9":"has-media","11":"first","12":"instock","13":"sale","14":"taxable","15":"shipping-taxable","16":"purchasable","17":"product-type-variable","18":"has-product-nav","19":"col","20":"span_1_of_3","21":"owp-content-center","22":"item-entry","23":"owp-thumbs-layout-horizontal","24":"owp-btn-normal","25":"owp-tabs-layout-horizontal"},"_links":{"self":[{"href":"https:\/\/araflowers.ro\/en\/wp-json\/wp\/v2\/product\/1042","targetHints":{"allow":["GET"]}}],"collection":[{"href":"https:\/\/araflowers.ro\/en\/wp-json\/wp\/v2\/product"}],"about":[{"href":"https:\/\/araflowers.ro\/en\/wp-json\/wp\/v2\/types\/product"}],"wp:featuredmedia":[{"embeddable":true,"href":"https:\/\/araflowers.ro\/en\/wp-json\/wp\/v2\/media\/1012"}],"wp:attachment":[{"href":"https:\/\/araflowers.ro\/en\/wp-json\/wp\/v2\/media?parent=1042"}],"wp:term":[{"taxonomy":"product_brand","embeddable":true,"href":"https:\/\/araflowers.ro\/en\/wp-json\/wp\/v2\/product_brand?post=1042"},{"taxonomy":"product_cat","embeddable":true,"href":"https:\/\/araflowers.ro\/en\/wp-json\/wp\/v2\/product_cat?post=1042"},{"taxonomy":"product_tag","embeddable":true,"href":"https:\/\/araflowers.ro\/en\/wp-json\/wp\/v2\/product_tag?post=1042"}],"curies":[{"name":"wp","href":"https:\/\/api.w.org\/{rel}","templated":true}]}}