{"id":2315,"date":"2024-02-27T10:55:49","date_gmt":"2024-02-27T10:55:49","guid":{"rendered":"https:\/\/araflowers.ro\/?page_id=2315"},"modified":"2024-02-27T11:02:02","modified_gmt":"2024-02-27T11:02:02","slug":"cum-cumpar","status":"publish","type":"page","link":"https:\/\/araflowers.ro\/en\/cum-cumpar\/","title":{"rendered":"Cum cump\u0103r?"},"content":{"rendered":"<div data-elementor-type=\"wp-page\" data-elementor-id=\"2315\" class=\"elementor elementor-2315\" data-elementor-post-type=\"page\">\n\t\t\t\t\t\t<section class=\"elementor-section elementor-top-section elementor-element elementor-element-6468d12 elementor-section-boxed elementor-section-height-default elementor-section-height-default\" data-id=\"6468d12\" data-element_type=\"section\">\n\t\t\t\t\t\t<div class=\"elementor-container elementor-column-gap-default\">\n\t\t\t\t\t<div class=\"elementor-column elementor-col-100 elementor-top-column elementor-element elementor-element-a3888c6\" data-id=\"a3888c6\" data-element_type=\"column\">\n\t\t\t<div class=\"elementor-widget-wrap elementor-element-populated\">\n\t\t\t\t\t\t<div class=\"elementor-element elementor-element-d13a302 elementor-widget elementor-widget-heading\" data-id=\"d13a302\" data-element_type=\"widget\" data-widget_type=\"heading.default\">\n\t\t\t\t<div class=\"elementor-widget-container\">\n\t\t\t\t\t<h1 class=\"elementor-heading-title elementor-size-default\">Cum Cump\u0103r?<\/h1>\t\t\t\t<\/div>\n\t\t\t\t<\/div>\n\t\t\t\t<div class=\"elementor-element elementor-element-a48e21a elementor-widget elementor-widget-text-editor\" data-id=\"a48e21a\" data-element_type=\"widget\" data-widget_type=\"text-editor.default\">\n\t\t\t\t<div class=\"elementor-widget-container\">\n\t\t\t\t\t\t\t\t\t<p>Dup\u0103 ce a\u021bi selectat buchetul sau aranjamentul floral dorit, procesul de plasare a comenzii online este extrem de simplu.<\/p><p>Face\u021bi clic pe produsul ales, selecta\u021bi m\u0103rimea produsului, iar apoi ad\u0103uga\u021bi produsul \u00een co\u0219ul de cump\u0103r\u0103turi. Totodat\u0103, ave\u021bi \u0219i op\u021biunea de a ad\u0103uga un gift pentru unele produse.<\/p><p>Completa\u021bi datele de contact ale persoanei c\u0103reia dori\u021bi s\u0103-i trimite\u021bi buchetul sau aranjamentul.<\/p><p>Ave\u021bi posibilitatea de a ad\u0103uga un mesaj personalizat, pe care noi \u00eel vom scrie pe o felicitare handmade, oferit\u0103 gratuit.<\/p><p>\u00cen urm\u0103torul pas, completa\u021bi datele dumneavoastr\u0103. Acestea sunt necesare pentru a v\u0103 putea contacta \u0219i pentru a v\u0103 \u021bine la curent cu statusul comenzii.<\/p><p>Apoi, selecta\u021bi modalitatea de plat\u0103 preferat\u0103. Pute\u021bi continua procesul de comand\u0103 ca Vizitator sau v\u0103 pute\u021bi autentifica \u00een Contul dvs., complet\u00e2nd informa\u021biile solicitate (informa\u021bii destinatar).<\/p><p>\u00cen pasul final, ve\u021bi vedea suma total\u0103 de achitat \u0219i detaliile de livrare, apoi face\u021bi clic pe &#8222;Finalizare comand\u0103&#8221;. Ve\u021bi primi un email de confirmare a comenzii la adresa dvs.<\/p><p>Dac\u0103 a\u021bi ales plata online cu cardul, dup\u0103 ap\u0103sarea butonului de finalizare, ve\u021bi fi redirec\u021bionat c\u0103tre o pagin\u0103 securizat\u0103 pentru a efectua plata online rapid \u0219i \u00een siguran\u021b\u0103.<\/p>\t\t\t\t\t\t\t\t<\/div>\n\t\t\t\t<\/div>\n\t\t\t\t\t<\/div>\n\t\t<\/div>\n\t\t\t\t\t<\/div>\n\t\t<\/section>\n\t\t\t\t<\/div>","protected":false},"excerpt":{"rendered":"<p>Cum Cump\u0103r? Dup\u0103 ce a\u021bi selectat buchetul sau aranjamentul floral dorit, procesul de plasare a comenzii online este extrem de simplu. Face\u021bi clic pe produsul ales, selecta\u021bi m\u0103rimea produsului, iar apoi ad\u0103uga\u021bi produsul \u00een co\u0219ul de cump\u0103r\u0103turi. Totodat\u0103, ave\u021bi \u0219i op\u021biunea de a ad\u0103uga un gift pentru unele produse. Completa\u021bi datele de contact ale persoanei [&hellip;]<\/p>","protected":false},"author":1,"featured_media":0,"parent":0,"menu_order":0,"comment_status":"closed","ping_status":"closed","template":"","meta":{"ocean_post_layout":"","ocean_both_sidebars_style":"","ocean_both_sidebars_content_width":0,"ocean_both_sidebars_sidebars_width":0,"ocean_sidebar":"","ocean_second_sidebar":"","ocean_disable_margins":"enable","ocean_add_body_class":"","ocean_shortcode_before_top_bar":"","ocean_shortcode_after_top_bar":"","ocean_shortcode_before_header":"","ocean_shortcode_after_header":"","ocean_has_shortcode":"","ocean_shortcode_after_title":"","ocean_shortcode_before_footer_widgets":"","ocean_shortcode_after_footer_widgets":"","ocean_shortcode_before_footer_bottom":"","ocean_shortcode_after_footer_bottom":"","ocean_display_top_bar":"default","ocean_display_header":"default","ocean_header_style":"","ocean_center_header_left_menu":"","ocean_custom_header_template":"","ocean_custom_logo":0,"ocean_custom_retina_logo":0,"ocean_custom_logo_max_width":0,"ocean_custom_logo_tablet_max_width":0,"ocean_custom_logo_mobile_max_width":0,"ocean_custom_logo_max_height":0,"ocean_custom_logo_tablet_max_height":0,"ocean_custom_logo_mobile_max_height":0,"ocean_header_custom_menu":"","ocean_menu_typo_font_family":"","ocean_menu_typo_font_subset":"","ocean_menu_typo_font_size":0,"ocean_menu_typo_font_size_tablet":0,"ocean_menu_typo_font_size_mobile":0,"ocean_menu_typo_font_size_unit":"px","ocean_menu_typo_font_weight":"","ocean_menu_typo_font_weight_tablet":"","ocean_menu_typo_font_weight_mobile":"","ocean_menu_typo_transform":"","ocean_menu_typo_transform_tablet":"","ocean_menu_typo_transform_mobile":"","ocean_menu_typo_line_height":0,"ocean_menu_typo_line_height_tablet":0,"ocean_menu_typo_line_height_mobile":0,"ocean_menu_typo_line_height_unit":"","ocean_menu_typo_spacing":0,"ocean_menu_typo_spacing_tablet":0,"ocean_menu_typo_spacing_mobile":0,"ocean_menu_typo_spacing_unit":"","ocean_menu_link_color":"","ocean_menu_link_color_hover":"","ocean_menu_link_color_active":"","ocean_menu_link_background":"","ocean_menu_link_hover_background":"","ocean_menu_link_active_background":"","ocean_menu_social_links_bg":"","ocean_menu_social_hover_links_bg":"","ocean_menu_social_links_color":"","ocean_menu_social_hover_links_color":"","ocean_disable_title":"default","ocean_disable_heading":"default","ocean_post_title":"","ocean_post_subheading":"","ocean_post_title_style":"","ocean_post_title_background_color":"","ocean_post_title_background":0,"ocean_post_title_bg_image_position":"","ocean_post_title_bg_image_attachment":"","ocean_post_title_bg_image_repeat":"","ocean_post_title_bg_image_size":"","ocean_post_title_height":0,"ocean_post_title_bg_overlay":0.5,"ocean_post_title_bg_overlay_color":"","ocean_disable_breadcrumbs":"default","ocean_breadcrumbs_color":"","ocean_breadcrumbs_separator_color":"","ocean_breadcrumbs_links_color":"","ocean_breadcrumbs_links_hover_color":"","ocean_display_footer_widgets":"default","ocean_display_footer_bottom":"default","ocean_custom_footer_template":"","footnotes":""},"class_list":["post-2315","page","type-page","status-publish","hentry","entry","owp-thumbs-layout-horizontal","owp-btn-normal","owp-tabs-layout-horizontal","has-no-thumbnails","has-product-nav"],"_links":{"self":[{"href":"https:\/\/araflowers.ro\/en\/wp-json\/wp\/v2\/pages\/2315","targetHints":{"allow":["GET"]}}],"collection":[{"href":"https:\/\/araflowers.ro\/en\/wp-json\/wp\/v2\/pages"}],"about":[{"href":"https:\/\/araflowers.ro\/en\/wp-json\/wp\/v2\/types\/page"}],"author":[{"embeddable":true,"href":"https:\/\/araflowers.ro\/en\/wp-json\/wp\/v2\/users\/1"}],"replies":[{"embeddable":true,"href":"https:\/\/araflowers.ro\/en\/wp-json\/wp\/v2\/comments?post=2315"}],"version-history":[{"count":7,"href":"https:\/\/araflowers.ro\/en\/wp-json\/wp\/v2\/pages\/2315\/revisions"}],"predecessor-version":[{"id":2323,"href":"https:\/\/araflowers.ro\/en\/wp-json\/wp\/v2\/pages\/2315\/revisions\/2323"}],"wp:attachment":[{"href":"https:\/\/araflowers.ro\/en\/wp-json\/wp\/v2\/media?parent=2315"}],"curies":[{"name":"wp","href":"https:\/\/api.w.org\/{rel}","templated":true}]}}