{"id":2310,"date":"2024-02-27T10:51:34","date_gmt":"2024-02-27T10:51:34","guid":{"rendered":"https:\/\/araflowers.ro\/?page_id=2310"},"modified":"2024-03-06T12:57:17","modified_gmt":"2024-03-06T12:57:17","slug":"cum-platesc","status":"publish","type":"page","link":"https:\/\/araflowers.ro\/en\/cum-platesc\/","title":{"rendered":"Cum pl\u0103tesc?"},"content":{"rendered":"<div data-elementor-type=\"wp-page\" data-elementor-id=\"2310\" class=\"elementor elementor-2310\" data-elementor-post-type=\"page\">\n\t\t\t\t\t\t<section class=\"elementor-section elementor-top-section elementor-element elementor-element-be9e087 elementor-section-boxed elementor-section-height-default elementor-section-height-default\" data-id=\"be9e087\" data-element_type=\"section\">\n\t\t\t\t\t\t<div class=\"elementor-container elementor-column-gap-default\">\n\t\t\t\t\t<div class=\"elementor-column elementor-col-100 elementor-top-column elementor-element elementor-element-7ae143a\" data-id=\"7ae143a\" data-element_type=\"column\">\n\t\t\t<div class=\"elementor-widget-wrap elementor-element-populated\">\n\t\t\t\t\t\t<div class=\"elementor-element elementor-element-dc994c0 elementor-widget elementor-widget-heading\" data-id=\"dc994c0\" data-element_type=\"widget\" data-widget_type=\"heading.default\">\n\t\t\t\t<div class=\"elementor-widget-container\">\n\t\t\t\t\t<h1 class=\"elementor-heading-title elementor-size-default\">Cum Pl\u0103tesc?<\/h1>\t\t\t\t<\/div>\n\t\t\t\t<\/div>\n\t\t\t\t<div class=\"elementor-element elementor-element-75f6eb8 elementor-widget elementor-widget-text-editor\" data-id=\"75f6eb8\" data-element_type=\"widget\" data-widget_type=\"text-editor.default\">\n\t\t\t\t<div class=\"elementor-widget-container\">\n\t\t\t\t\t\t\t\t\t<p>Site-ul nostru v\u0103 ofer\u0103 diverse modalit\u0103\u021bi de plat\u0103 pentru a v\u0103 facilita procesul de cump\u0103rare:<\/p><ol><li><p><strong>Plata online cu cardul:<\/strong> Aceasta este cea mai simpl\u0103 metod\u0103 de plat\u0103, se efectueaz\u0103 online \u0219i este accesibil\u0103 tuturor clien\u021bilor care de\u021bin un card de credit sau debit, cum ar fi Visa sau Mastercard. Plata cu EuPlatesc nu necesit\u0103 un cont special \u0219i este preferat\u0103 de majoritatea clien\u021bilor no\u0219tri.<\/p><\/li><li><p><strong>Virament online (Internet Banking) &#8211; BT24:<\/strong> Pute\u021bi efectua plata prin intermediul serviciilor de Internet Banking oferite de Banca Transilvania (BT24).<\/p><\/li><li><p><strong>Plata prin virament bancar (OP):<\/strong> Pentru aceast\u0103 op\u021biune, trebuie s\u0103 efectua\u021bi plata \u00een contul specificat mai jos. Dup\u0103 achitare, v\u0103 rug\u0103m s\u0103 ne trimite\u021bi o copie scanat\u0103 a ordinului de plat\u0103 la adresa de e-mail indicat\u0103 \u00een sec\u021biunea &#8222;Contact procesare comenzi&#8221;.<\/p><\/li><li><p><strong>Plata la livrare:<\/strong> Aceast\u0103 op\u021biune este disponibil\u0103 doar pentru livr\u0103rile \u00een ora\u0219ul Cluj-Napoca.<\/p><\/li><\/ol><p><strong>FACTURA:<\/strong> Pentru factura aferent\u0103 comenzii dvs., v\u0103 rug\u0103m s\u0103 bifa\u021bi una din op\u021biunile disponibile \u00een sec\u021biunea &#8222;Informa\u021bii factur\u0103&#8221; \u0219i s\u0103 selecta\u021bi varianta care vi se potrive\u0219te.<\/p><p><strong>CONFIRMAREA COMENZII:<\/strong> Odat\u0103 ce comanda dvs. este plasat\u0103, ve\u021bi primi instant pe e-mail o confirmare automat\u0103 de la araflowers.ro. Acest mesaj va con\u021bine toate detaliile furnizate \u00een formularul de comand\u0103, inclusiv informa\u021bii despre dvs. \u0219i destinatar, metoda de plat\u0103 aleas\u0103, mesajul pentru destinatar (dac\u0103 nu a\u021bi optat pentru anonimat), data \u0219i intervalul orar de livrare, precum \u0219i alte detalii specificate \u00een comand\u0103.<\/p>\t\t\t\t\t\t\t\t<\/div>\n\t\t\t\t<\/div>\n\t\t\t\t\t<\/div>\n\t\t<\/div>\n\t\t\t\t\t<\/div>\n\t\t<\/section>\n\t\t\t\t<\/div>","protected":false},"excerpt":{"rendered":"<p>Cum Pl\u0103tesc? Site-ul nostru v\u0103 ofer\u0103 diverse modalit\u0103\u021bi de plat\u0103 pentru a v\u0103 facilita procesul de cump\u0103rare: Plata online cu cardul: Aceasta este cea mai simpl\u0103 metod\u0103 de plat\u0103, se efectueaz\u0103 online \u0219i este accesibil\u0103 tuturor clien\u021bilor care de\u021bin un card de credit sau debit, cum ar fi Visa sau Mastercard. Plata cu EuPlatesc nu [&hellip;]<\/p>","protected":false},"author":1,"featured_media":0,"parent":0,"menu_order":0,"comment_status":"closed","ping_status":"closed","template":"","meta":{"ocean_post_layout":"","ocean_both_sidebars_style":"","ocean_both_sidebars_content_width":0,"ocean_both_sidebars_sidebars_width":0,"ocean_sidebar":"","ocean_second_sidebar":"","ocean_disable_margins":"enable","ocean_add_body_class":"","ocean_shortcode_before_top_bar":"","ocean_shortcode_after_top_bar":"","ocean_shortcode_before_header":"","ocean_shortcode_after_header":"","ocean_has_shortcode":"","ocean_shortcode_after_title":"","ocean_shortcode_before_footer_widgets":"","ocean_shortcode_after_footer_widgets":"","ocean_shortcode_before_footer_bottom":"","ocean_shortcode_after_footer_bottom":"","ocean_display_top_bar":"default","ocean_display_header":"default","ocean_header_style":"","ocean_center_header_left_menu":"","ocean_custom_header_template":"","ocean_custom_logo":0,"ocean_custom_retina_logo":0,"ocean_custom_logo_max_width":0,"ocean_custom_logo_tablet_max_width":0,"ocean_custom_logo_mobile_max_width":0,"ocean_custom_logo_max_height":0,"ocean_custom_logo_tablet_max_height":0,"ocean_custom_logo_mobile_max_height":0,"ocean_header_custom_menu":"","ocean_menu_typo_font_family":"","ocean_menu_typo_font_subset":"","ocean_menu_typo_font_size":0,"ocean_menu_typo_font_size_tablet":0,"ocean_menu_typo_font_size_mobile":0,"ocean_menu_typo_font_size_unit":"px","ocean_menu_typo_font_weight":"","ocean_menu_typo_font_weight_tablet":"","ocean_menu_typo_font_weight_mobile":"","ocean_menu_typo_transform":"","ocean_menu_typo_transform_tablet":"","ocean_menu_typo_transform_mobile":"","ocean_menu_typo_line_height":0,"ocean_menu_typo_line_height_tablet":0,"ocean_menu_typo_line_height_mobile":0,"ocean_menu_typo_line_height_unit":"","ocean_menu_typo_spacing":0,"ocean_menu_typo_spacing_tablet":0,"ocean_menu_typo_spacing_mobile":0,"ocean_menu_typo_spacing_unit":"","ocean_menu_link_color":"","ocean_menu_link_color_hover":"","ocean_menu_link_color_active":"","ocean_menu_link_background":"","ocean_menu_link_hover_background":"","ocean_menu_link_active_background":"","ocean_menu_social_links_bg":"","ocean_menu_social_hover_links_bg":"","ocean_menu_social_links_color":"","ocean_menu_social_hover_links_color":"","ocean_disable_title":"default","ocean_disable_heading":"default","ocean_post_title":"","ocean_post_subheading":"","ocean_post_title_style":"","ocean_post_title_background_color":"","ocean_post_title_background":0,"ocean_post_title_bg_image_position":"","ocean_post_title_bg_image_attachment":"","ocean_post_title_bg_image_repeat":"","ocean_post_title_bg_image_size":"","ocean_post_title_height":0,"ocean_post_title_bg_overlay":0.5,"ocean_post_title_bg_overlay_color":"","ocean_disable_breadcrumbs":"default","ocean_breadcrumbs_color":"","ocean_breadcrumbs_separator_color":"","ocean_breadcrumbs_links_color":"","ocean_breadcrumbs_links_hover_color":"","ocean_display_footer_widgets":"default","ocean_display_footer_bottom":"default","ocean_custom_footer_template":"","footnotes":""},"class_list":["post-2310","page","type-page","status-publish","hentry","entry","owp-thumbs-layout-horizontal","owp-btn-normal","owp-tabs-layout-horizontal","has-no-thumbnails","has-product-nav"],"_links":{"self":[{"href":"https:\/\/araflowers.ro\/en\/wp-json\/wp\/v2\/pages\/2310","targetHints":{"allow":["GET"]}}],"collection":[{"href":"https:\/\/araflowers.ro\/en\/wp-json\/wp\/v2\/pages"}],"about":[{"href":"https:\/\/araflowers.ro\/en\/wp-json\/wp\/v2\/types\/page"}],"author":[{"embeddable":true,"href":"https:\/\/araflowers.ro\/en\/wp-json\/wp\/v2\/users\/1"}],"replies":[{"embeddable":true,"href":"https:\/\/araflowers.ro\/en\/wp-json\/wp\/v2\/comments?post=2310"}],"version-history":[{"count":11,"href":"https:\/\/araflowers.ro\/en\/wp-json\/wp\/v2\/pages\/2310\/revisions"}],"predecessor-version":[{"id":3040,"href":"https:\/\/araflowers.ro\/en\/wp-json\/wp\/v2\/pages\/2310\/revisions\/3040"}],"wp:attachment":[{"href":"https:\/\/araflowers.ro\/en\/wp-json\/wp\/v2\/media?parent=2310"}],"curies":[{"name":"wp","href":"https:\/\/api.w.org\/{rel}","templated":true}]}}