{"id":1495,"date":"2022-09-01T10:38:39","date_gmt":"2022-09-01T10:38:39","guid":{"rendered":"https:\/\/araflowers.ro\/?page_id=1495"},"modified":"2023-06-07T13:12:46","modified_gmt":"2023-06-07T13:12:46","slug":"florarie-online-cluj","status":"publish","type":"page","link":"https:\/\/araflowers.ro\/en\/florarie-online-cluj\/","title":{"rendered":"Products"},"content":{"rendered":"<div data-elementor-type=\"wp-page\" data-elementor-id=\"1495\" class=\"elementor elementor-1495\" data-elementor-post-type=\"page\">\n\t\t\t\t\t\t<section class=\"elementor-section elementor-top-section elementor-element elementor-element-65d3c9c elementor-section-boxed elementor-section-height-default elementor-section-height-default\" data-id=\"65d3c9c\" data-element_type=\"section\">\n\t\t\t\t\t\t<div class=\"elementor-container elementor-column-gap-default\">\n\t\t\t\t\t<div class=\"elementor-column elementor-col-100 elementor-top-column elementor-element elementor-element-ffc9121\" data-id=\"ffc9121\" data-element_type=\"column\">\n\t\t\t<div class=\"elementor-widget-wrap elementor-element-populated\">\n\t\t\t\t\t\t<div class=\"elementor-element elementor-element-954a9c1 elementor-widget elementor-widget-heading\" data-id=\"954a9c1\" data-element_type=\"widget\" data-widget_type=\"heading.default\">\n\t\t\t\t<div class=\"elementor-widget-container\">\n\t\t\t\t\t<h2 class=\"elementor-heading-title elementor-size-default\">Onlie Flowers Shop - ARA Flowers - flowers delivery in 3 hours\n<\/h2>\t\t\t\t<\/div>\n\t\t\t\t<\/div>\n\t\t\t\t<div class=\"elementor-element elementor-element-d79da57 elementor-widget elementor-widget-text-editor\" data-id=\"d79da57\" data-element_type=\"widget\" data-widget_type=\"text-editor.default\">\n\t\t\t\t<div class=\"elementor-widget-container\">\n\t\t\t\t\t\t\t\t\t<p>ARA Flowers, online flower shop in Cluj offers the best and most beautiful flowers and gifts, sustained by a friendly service and useful. You can enjoy our platform which offer online delivery on Cluj-Napoca range. Descover our advantages:<\/p><ul><li><strong>Free transport for flowers<\/strong><\/li><li><strong>Home delivery Flowers in Cluj-Napoca<\/strong><\/li><li><strong>Online flowers in Cluj<\/strong><\/li><li><strong>Custom gift for flowers bouquets\u00a0<\/strong><\/li><li><strong>Fast deliver for flowers in Cluj<\/strong><\/li><\/ul><p><br \/>You can order online flowers in any other moment from our flowershop. We invite you to discover our products. Don't worry if, our online flowers shop has customable products for your deisers. Send flowers in Cluj-Napoca and put a smile on face for you lover!<\/p>\t\t\t\t\t\t\t\t<\/div>\n\t\t\t\t<\/div>\n\t\t\t\t\t<\/div>\n\t\t<\/div>\n\t\t\t\t\t<\/div>\n\t\t<\/section>\n\t\t\t\t<section class=\"elementor-section elementor-top-section elementor-element elementor-element-afb95eb elementor-reverse-tablet elementor-reverse-mobile elementor-section-boxed elementor-section-height-default elementor-section-height-default\" data-id=\"afb95eb\" data-element_type=\"section\">\n\t\t\t\t\t\t<div class=\"elementor-container elementor-column-gap-default\">\n\t\t\t\t\t<div class=\"elementor-column elementor-col-33 elementor-top-column elementor-element elementor-element-8d2a620\" data-id=\"8d2a620\" data-element_type=\"column\">\n\t\t\t<div class=\"elementor-widget-wrap elementor-element-populated\">\n\t\t\t\t\t\t<div class=\"elementor-element elementor-element-bad52d3 elementor-widget elementor-widget-heading\" data-id=\"bad52d3\" data-element_type=\"widget\" data-widget_type=\"heading.default\">\n\t\t\t\t<div class=\"elementor-widget-container\">\n\t\t\t\t\t<h2 class=\"elementor-heading-title elementor-size-default\">Filters<\/h2>\t\t\t\t<\/div>\n\t\t\t\t<\/div>\n\t\t\t\t<div class=\"elementor-element elementor-element-b45a050 elementor-widget elementor-widget-text-editor\" data-id=\"b45a050\" data-element_type=\"widget\" data-widget_type=\"text-editor.default\">\n\t\t\t\t<div class=\"elementor-widget-container\">\n\t\t\t\t\t\t\t\t\t<p><style type=\"text\/css\" id=\"wpfCustomCss-1_368376\">#wpfMainWrapper-1_368376{position:relative;width:100%;}#wpfMainWrapper-1_368376 .wpfFilterWrapper {visibility:hidden;width:100%;}#wpfBlock_2 li[data-term-id=\"58\"] {display:none;}#wpfBlock_2 li[data-term-id=\"46\"] {display:none;}#wpfBlock_2 li[data-term-id=\"48\"] {display:none;}#wpfBlock_2 li[data-term-id=\"51\"] {display:none;}#wpfBlock_2 .wpfFilterVerScroll {max-height:200px;}#wpfMainWrapper-1_368376 .wpfLoaderLayout {position:absolute;top:0;bottom:0;left:0;right:0;background-color: rgba(255, 255, 255, 0.9);z-index: 999;}#wpfMainWrapper-1_368376 .wpfLoaderLayout i {position:absolute;z-index:9;top:50%;left:50%;margin-top:-30px;margin-left:-30px;color:rgba(0,0,0,.9);}<\/style><div class=\"wpfMainWrapper\" id=\"wpfMainWrapper-1_368376\" data-viewid=\"1_368376\" data-filter=\"1\" data-settings=\"{&quot;posts_per_page&quot;:&quot;15&quot;,&quot;posts_per_row&quot;:&quot;&quot;,&quot;paged&quot;:1,&quot;base&quot;:&quot;\\\/en\\\/wp-json\\\/wp\\\/v2\\\/pages\\\/1495?product-page=%#%&quot;,&quot;format &quot;:&quot;?product-page=%#%&quot;,&quot;page_id&quot;:1495,&quot;paginate_base&quot;:&quot;page&quot;,&quot;paginate_type&quot;:&quot;url&quot;}\" data-default-query=\"\" data-filter-settings=\"{&quot;settings&quot;:{&quot;display_on_page&quot;:&quot;both&quot;,&quot;display_on_page_shortcode&quot;:&quot;0&quot;,&quot;display_for&quot;:&quot;both&quot;,&quot;force_show_current&quot;:&quot;0&quot;,&quot;desctop_mobile_breakpoint_switcher&quot;:&quot;0&quot;,&quot;desctop_mobile_breakpoint_width&quot;:&quot;0&quot;,&quot;hide_without_products&quot;:&quot;0&quot;,&quot;count_product_shop&quot;:&quot;0&quot;,&quot;columns_product_shop&quot;:&quot;0&quot;,&quot;enable_ajax&quot;:&quot;1&quot;,&quot;remove_actions&quot;:&quot;0&quot;,&quot;display_status_private&quot;:&quot;0&quot;,&quot;product_list_selector&quot;:&quot;&quot;,&quot;product_container_selector&quot;:&quot;&quot;,&quot;force_theme_templates&quot;:&quot;0&quot;,&quot;recalculate_filters&quot;:&quot;0&quot;,&quot;do_not_use_shortcut&quot;:&quot;0&quot;,&quot;show_filtering_button&quot;:&quot;1&quot;,&quot;filtering_button_word&quot;:&quot;Filtreaz\u0103&quot;,&quot;auto_update_filter&quot;:&quot;0&quot;,&quot;show_clean_button&quot;:&quot;0&quot;,&quot;show_clean_button_word&quot;:&quot;Clear&quot;,&quot;reset_all_filters&quot;:&quot;0&quot;,&quot;main_buttons_position&quot;:&quot;bottom&quot;,&quot;main_buttons_order&quot;:&quot;left&quot;,&quot;all_products_filtering&quot;:&quot;1&quot;,&quot;show_clean_block&quot;:&quot;0&quot;,&quot;show_clean_block_word&quot;:&quot;Clear&quot;,&quot;filter_recount&quot;:&quot;0&quot;,&quot;filter_recount_price&quot;:&quot;1&quot;,&quot;filter_null_disabled&quot;:&quot;0&quot;,&quot;sort_by_title&quot;:&quot;0&quot;,&quot;checked_items_top&quot;:&quot;0&quot;,&quot;checked_items_bold&quot;:&quot;0&quot;,&quot;text_no_products&quot;:&quot;No products found&quot;,&quot;filtering_by_variations&quot;:&quot;1&quot;,&quot;exclude_backorder_variations&quot;:&quot;0&quot;,&quot;hide_filter_icon&quot;:&quot;1&quot;,&quot;use_title_as_slug&quot;:&quot;0&quot;,&quot;use_category_filtration&quot;:&quot;1&quot;,&quot;check_get_names&quot;:&quot;0&quot;,&quot;f_multi_logic&quot;:&quot;and&quot;,&quot;third_party_prefilter&quot;:&quot;0&quot;,&quot;filter_loader_icon_onload_enable&quot;:&quot;1&quot;,&quot;filter_loader_icon_color&quot;:&quot;#000000&quot;,&quot;filter_loader_icon_name&quot;:&quot;default&quot;,&quot;filter_loader_icon_number&quot;:&quot;0&quot;,&quot;enable_overlay&quot;:&quot;0&quot;,&quot;overlay_background&quot;:&quot;&quot;,&quot;enable_overlay_icon&quot;:&quot;0&quot;,&quot;enable_overlay_word&quot;:&quot;0&quot;,&quot;overlay_word&quot;:&quot;WooBeWoo&quot;,&quot;filter_width&quot;:&quot;100&quot;,&quot;filter_width_in&quot;:&quot;%&quot;,&quot;filter_width_mobile&quot;:&quot;100&quot;,&quot;filter_width_in_mobile&quot;:&quot;%&quot;,&quot;filter_block_width&quot;:&quot;100&quot;,&quot;filter_block_width_in&quot;:&quot;%&quot;,&quot;filter_block_width_mobile&quot;:&quot;100&quot;,&quot;filter_block_width_in_mobile&quot;:&quot;%&quot;,&quot;filter_block_height&quot;:&quot;&quot;,&quot;padding_child_list&quot;:&quot;&quot;,&quot;css_editor&quot;:&quot;&quot;,&quot;js_editor&quot;:&quot;&quot;,&quot;disable_plugin_styles&quot;:&quot;0&quot;,&quot;filters&quot;:{&quot;order&quot;:&quot;[{\\&quot;id\\&quot;:\\&quot;wpfPrice\\&quot;,\\&quot;uniqId\\&quot;:\\&quot;wpf_q0c9n36zm\\&quot;,\\&quot;name\\&quot;:\\&quot;\\&quot;,\\&quot;settings\\&quot;:{\\&quot;f_enable\\&quot;:true,\\&quot;f_title\\&quot;:\\&quot;Pre\u021b\\&quot;,\\&quot;f_name\\&quot;:\\&quot;Price\\&quot;,\\&quot;f_enable_title\\&quot;:\\&quot;yes_open\\&quot;,\\&quot;f_enable_title_mobile\\&quot;:\\&quot;no\\&quot;,\\&quot;f_skin_type\\&quot;:\\&quot;default\\&quot;,\\&quot;f_show_inputs\\&quot;:true,\\&quot;f_currency_position\\&quot;:\\&quot;before\\&quot;,\\&quot;f_currency_show_as\\&quot;:\\&quot;symbol\\&quot;,\\&quot;f_price_tooltip_show_as\\&quot;:false}},{\\&quot;id\\&quot;:\\&quot;wpfCategory\\&quot;,\\&quot;uniqId\\&quot;:\\&quot;wpf_mxc08joi6\\&quot;,\\&quot;name\\&quot;:\\&quot;wpf_filter_cat\\&quot;,\\&quot;settings\\&quot;:{\\&quot;f_enable\\&quot;:true,\\&quot;f_title\\&quot;:\\&quot;Categorii\\&quot;,\\&quot;f_name\\&quot;:\\&quot;Product categories\\&quot;,\\&quot;f_enable_title\\&quot;:\\&quot;no\\&quot;,\\&quot;f_enable_title_mobile\\&quot;:\\&quot;no\\&quot;,\\&quot;f_frontend_type\\&quot;:\\&quot;list\\&quot;,\\&quot;f_show_hierarchical\\&quot;:false,\\&quot;f_hide_parent\\&quot;:false,\\&quot;f_multi_logic_hierarchical\\&quot;:\\&quot;any\\&quot;,\\&quot;f_extend_parent_filtering\\&quot;:true,\\&quot;f_custom_tags\\&quot;:false,\\&quot;f_custom_tags_settings[header]\\&quot;:\\&quot;0\\&quot;,\\&quot;f_custom_tags_settings[title_1]\\&quot;:\\&quot;0\\&quot;,\\&quot;f_custom_tags_settings[title_2]\\&quot;:\\&quot;0\\&quot;,\\&quot;f_custom_tags_settings[title_3]\\&quot;:\\&quot;0\\&quot;,\\&quot;f_sort_by\\&quot;:\\&quot;asc\\&quot;,\\&quot;f_order_custom\\&quot;:false,\\&quot;f_show_count\\&quot;:false,\\&quot;f_show_count_parent_with_children\\&quot;:false,\\&quot;f_hide_empty\\&quot;:false,\\&quot;f_hide_empty_active\\&quot;:false,\\&quot;f_mlist[]\\&quot;:\\&quot;\\&quot;,\\&quot;\\&quot;:\\&quot;Select Some Options\\&quot;,\\&quot;f_mlist_with_children\\&quot;:false,\\&quot;f_hidden_categories\\&quot;:false,\\&quot;f_filtered_by_selected\\&quot;:false,\\&quot;f_show_search_input\\&quot;:false,\\&quot;f_hide_taxonomy\\&quot;:false,\\&quot;f_show_all_categories\\&quot;:false,\\&quot;f_layout\\&quot;:\\&quot;ver\\&quot;,\\&quot;f_ver_columns\\&quot;:\\&quot;1\\&quot;,\\&quot;f_max_height\\&quot;:\\&quot;200\\&quot;}}]&quot;,&quot;preselect&quot;:&quot;&quot;}}}\" data-nowoo=\"true\"><div class=\"wpfFilterWrapper wpfNotActive\" id=\"wpfBlock_1\" data-order-key=\"0\"  data-filter-type=\"wpfPrice\" data-get-attribute=\"wpf_min_price,wpf_max_price,tax\" data-content-type=\"meta\" data-slug=\"price\" data-uniq-id=\"wpf_q0c9n36zm\" data-price-skin=\"default\" data-minvalue=\"25\" data-maxvalue=\"4950\"><div class=\"wpfVisibleBufferMin wpfVisibilityHidden\"><\/div><div class=\"wpfVisibleBufferMax wpfVisibilityHidden\"><\/div><div class=\"wpfFilterTitle\" ><div class=\"wfpTitle wfpClickable\">Pre\u021b<\/div><i class=\"fa fa-minus wpfTitleToggle\"><\/i><\/div><div class=\"wpfFilterContent\"><div id=\"wpfSliderRange\" class=\"wpfPriceFilterRange\"><\/div><div class=\"wpfPriceInputs\"><span class=\"wpfCurrencySymbol\">lei<\/span><label class=\"wpfSrOnly\" for=\"wpfMinPrice\">Minimum Price<\/label><input  type=\"number\" min=\"25\" max=\"4949\" id=\"wpfMinPrice\" class=\"wpfPriceRangeField\" value=\"25\" \/><span class=\"wpfFilterDelimeter\"> &#8211; <\/span><label class=\"wpfSrOnly\" for=\"wpfMaxPrice\">Maximum Price<\/label><input  type=\"number\"  min=\"25\" max=\"4950\" id=\"wpfMaxPrice\" class=\"wpfPriceRangeField\" value=\"4950\" \/> <input  type=\"hidden\" id=\"wpfDataStep\" value=\"1\" \/><\/div><\/div><\/div><div class=\"wpfFilterWrapper wpfNotActive\" id=\"wpfBlock_2\" data-order-key=\"1\"  data-filter-type=\"wpfCategory\" data-get-attribute=\"wpf_filter_cat_1\" data-display-type=\"list\" data-content-type=\"taxonomy\" data-slug=\"category\" data-uniq-id=\"wpf_mxc08joi6\" data-radio=\"1\" data-query-logic=\"or\" data-logic-hierarchical=\"any\" data-query-children=\"1\" data-show-hierarchical=\"false\" data-taxonomy=\"product_cat\" data-hide-active=\"0\" data-show-all=\"0\" data-use-slugs=\"0\"><div class=\"wpfFilterContent\"><div class=\"wpfCheckboxHier\"><ul class=\"wpfFilterVerScroll\"><li data-term-id=\"187\" data-parent=\"0\" data-term-slug=\"1-8-martie\"><label class=\"wpfLiLabel\"><span class=\"wpfCheckbox\"><input type=\"checkbox\" id=\"wpfTaxonomyInputCheckbox18796369\" ><label aria-label=\"1 -8 MARTIE\" for=\"wpfTaxonomyInputCheckbox18796369\"><\/label><\/span><span class=\"wpfDisplay\"><span class=\"wpfValue\"><span class=\"wpfFilterTaxNameWrapper\">1 -8 MARTIE<\/span><\/span><\/span><\/label><\/li><li data-term-id=\"25\" data-parent=\"0\" data-term-slug=\"aranjamente\"><label class=\"wpfLiLabel\"><span class=\"wpfCheckbox\"><input type=\"checkbox\" id=\"wpfTaxonomyInputCheckbox2537500\" ><label aria-label=\"Arrangement\" for=\"wpfTaxonomyInputCheckbox2537500\"><\/label><\/span><span class=\"wpfDisplay\"><span class=\"wpfValue\"><span class=\"wpfFilterTaxNameWrapper\">Arrangement<\/span><\/span><\/span><\/label><\/li><li data-term-id=\"58\" data-parent=\"0\" data-term-slug=\"brazi-de-craciun\"><label class=\"wpfLiLabel\"><span class=\"wpfCheckbox\"><input type=\"checkbox\" id=\"wpfTaxonomyInputCheckbox5846168\" ><label aria-label=\"Brazi de Craciun\" for=\"wpfTaxonomyInputCheckbox5846168\"><\/label><\/span><span class=\"wpfDisplay\"><span class=\"wpfValue\"><span class=\"wpfFilterTaxNameWrapper\">Brazi de Craciun<\/span><\/span><\/span><\/label><\/li><li data-term-id=\"23\" data-parent=\"0\" data-term-slug=\"buchete\"><label class=\"wpfLiLabel\"><span class=\"wpfCheckbox\"><input type=\"checkbox\" id=\"wpfTaxonomyInputCheckbox2373238\" ><label aria-label=\"Bouquets\" for=\"wpfTaxonomyInputCheckbox2373238\"><\/label><\/span><span class=\"wpfDisplay\"><span class=\"wpfValue\"><span class=\"wpfFilterTaxNameWrapper\">Bouquets<\/span><\/span><\/span><\/label><\/li><li data-term-id=\"44\" data-parent=\"0\" data-term-slug=\"configurare-buchet\"><label class=\"wpfLiLabel\"><span class=\"wpfCheckbox\"><input type=\"checkbox\" id=\"wpfTaxonomyInputCheckbox4428507\" ><label aria-label=\"Custom your Bouquet\" for=\"wpfTaxonomyInputCheckbox4428507\"><\/label><\/span><span class=\"wpfDisplay\"><span class=\"wpfValue\"><span class=\"wpfFilterTaxNameWrapper\">Custom your Bouquet<\/span><\/span><\/span><\/label><\/li><li data-term-id=\"24\" data-parent=\"0\" data-term-slug=\"conservate\"><label class=\"wpfLiLabel\"><span class=\"wpfCheckbox\"><input type=\"checkbox\" id=\"wpfTaxonomyInputCheckbox2462481\" ><label aria-label=\"Preserved\" for=\"wpfTaxonomyInputCheckbox2462481\"><\/label><\/span><span class=\"wpfDisplay\"><span class=\"wpfValue\"><span class=\"wpfFilterTaxNameWrapper\">Preserved<\/span><\/span><\/span><\/label><\/li><li data-term-id=\"47\" data-parent=\"0\" data-term-slug=\"coroane-funerare\"><label class=\"wpfLiLabel\"><span class=\"wpfCheckbox\"><input type=\"checkbox\" id=\"wpfTaxonomyInputCheckbox4757300\" ><label aria-label=\"Coroane Funerare\" for=\"wpfTaxonomyInputCheckbox4757300\"><\/label><\/span><span class=\"wpfDisplay\"><span class=\"wpfValue\"><span class=\"wpfFilterTaxNameWrapper\">Coroane Funerare<\/span><\/span><\/span><\/label><\/li><li data-term-id=\"46\" data-parent=\"0\" data-term-slug=\"coronite\"><label class=\"wpfLiLabel\"><span class=\"wpfCheckbox\"><input type=\"checkbox\" id=\"wpfTaxonomyInputCheckbox4674750\" ><label aria-label=\"Coroni\u021be\" for=\"wpfTaxonomyInputCheckbox4674750\"><\/label><\/span><span class=\"wpfDisplay\"><span class=\"wpfValue\"><span class=\"wpfFilterTaxNameWrapper\">Coroni\u021be<\/span><\/span><\/span><\/label><\/li><li data-term-id=\"48\" data-parent=\"0\" data-term-slug=\"craciun\"><label class=\"wpfLiLabel\"><span class=\"wpfCheckbox\"><input type=\"checkbox\" id=\"wpfTaxonomyInputCheckbox4833361\" ><label aria-label=\"Cr\u0103ciun\" for=\"wpfTaxonomyInputCheckbox4833361\"><\/label><\/span><span class=\"wpfDisplay\"><span class=\"wpfValue\"><span class=\"wpfFilterTaxNameWrapper\">Cr\u0103ciun<\/span><\/span><\/span><\/label><li data-term-id=\"51\" data-parent=\"48\" data-term-slug=\"cadouri-craciun\"><label class=\"wpfLiLabel\"><span class=\"wpfCheckbox\"><input type=\"checkbox\" id=\"wpfTaxonomyInputCheckbox5140734\" ><label aria-label=\"Cadouri de Cr\u0103ciun\" for=\"wpfTaxonomyInputCheckbox5140734\"><\/label><\/span><span class=\"wpfDisplay\"><span class=\"wpfValue\"><span class=\"wpfFilterTaxNameWrapper\">Cadouri de Cr\u0103ciun<\/span><\/span><\/span><\/label><\/li><\/li><li data-term-id=\"15\" data-parent=\"0\" data-term-slug=\"fara-categorie\"><label class=\"wpfLiLabel\"><span class=\"wpfCheckbox\"><input type=\"checkbox\" id=\"wpfTaxonomyInputCheckbox1574213\" ><label aria-label=\"No Category\" for=\"wpfTaxonomyInputCheckbox1574213\"><\/label><\/span><span class=\"wpfDisplay\"><span class=\"wpfValue\"><span class=\"wpfFilterTaxNameWrapper\">No Category<\/span><\/span><\/span><\/label><\/li><li data-term-id=\"26\" data-parent=\"0\" data-term-slug=\"gifturi\"><label class=\"wpfLiLabel\"><span class=\"wpfCheckbox\"><input type=\"checkbox\" id=\"wpfTaxonomyInputCheckbox2665160\" ><label aria-label=\"Gifts\" for=\"wpfTaxonomyInputCheckbox2665160\"><\/label><\/span><span class=\"wpfDisplay\"><span class=\"wpfValue\"><span class=\"wpfFilterTaxNameWrapper\">Gifts<\/span><\/span><\/span><\/label><\/li><li data-term-id=\"45\" data-parent=\"0\" data-term-slug=\"terarii\"><label class=\"wpfLiLabel\"><span class=\"wpfCheckbox\"><input type=\"checkbox\" id=\"wpfTaxonomyInputCheckbox4540005\" ><label aria-label=\"Terarii\" for=\"wpfTaxonomyInputCheckbox4540005\"><\/label><\/span><span class=\"wpfDisplay\"><span class=\"wpfValue\"><span class=\"wpfFilterTaxNameWrapper\">Terarii<\/span><\/span><\/span><\/label><\/li><li data-term-id=\"64\" data-parent=\"0\" data-term-slug=\"valentines-day\"><label class=\"wpfLiLabel\"><span class=\"wpfCheckbox\"><input type=\"checkbox\" id=\"wpfTaxonomyInputCheckbox6488345\" ><label aria-label=\"Valentine&#039;s Day\" for=\"wpfTaxonomyInputCheckbox6488345\"><\/label><\/span><span class=\"wpfDisplay\"><span class=\"wpfValue\"><span class=\"wpfFilterTaxNameWrapper\">Valentine&#8217;s Day<\/span><\/span><\/span><\/label><\/li><\/ul><\/div><\/div><\/div><div class=\"wpfFilterButtons wpfFilterButtonsBottom\"><button class=\"wpfFilterButton wpfButton\">Filtreaz\u0103<\/button><\/div><div class=\"wpfLoaderLayout\"><i class=\"fa fa-spinner fa-pulse fa-3x fa-fw\"><\/i><\/div><div class=\"wpfPreview wpfPreviewLoader wpfHidden\"><div class=\"woobewoo-filter-loader spinner\" ><\/div><\/div><\/div><\/p>\t\t\t\t\t\t\t\t<\/div>\n\t\t\t\t<\/div>\n\t\t\t\t\t<\/div>\n\t\t<\/div>\n\t\t\t\t<div class=\"elementor-column elementor-col-66 elementor-top-column elementor-element elementor-element-d83fa9a\" data-id=\"d83fa9a\" data-element_type=\"column\">\n\t\t\t<div class=\"elementor-widget-wrap elementor-element-populated\">\n\t\t\t\t\t\t<div class=\"elementor-element elementor-element-f3ff933 elementor-products-grid elementor-wc-products elementor-show-pagination-border-yes elementor-widget elementor-widget-wc-archive-products\" data-id=\"f3ff933\" data-element_type=\"widget\" data-widget_type=\"wc-archive-products.default\">\n\t\t\t\t<div class=\"elementor-widget-container\">\n\t\t\t\t\t<div class=\"elementor-nothing-found elementor-products-nothing-found\">Se pare c\u0103 nu putem g\u0103si ceea ce cau\u021bi.<\/div>\t\t\t\t<\/div>\n\t\t\t\t<\/div>\n\t\t\t\t\t<\/div>\n\t\t<\/div>\n\t\t\t\t\t<\/div>\n\t\t<\/section>\n\t\t\t\t<\/div>","protected":false},"excerpt":{"rendered":"<p>Flor\u0103rie Online Cluj &#8211; ARA Flowers &#8211; Livrare flori \u00een 3 ore Ara Flowers, flor\u0103rie online Cluj ofer\u0103 cele mai fine \u0219i mai frumoase aranjamente florale \u0219i cadouri, sus\u021binute de un serviciu prietenos, util \u0219i prompt. Astfel, v\u0103 pute\u021bi bucura de platforma noastr\u0103 care ofer\u0103 livrare online pe toat\u0103 raza localit\u0103\u021bii cluj. Descoper\u0103 avantajele noastre: [&hellip;]<\/p>","protected":false},"author":1,"featured_media":0,"parent":0,"menu_order":0,"comment_status":"closed","ping_status":"closed","template":"","meta":{"ocean_post_layout":"","ocean_both_sidebars_style":"","ocean_both_sidebars_content_width":0,"ocean_both_sidebars_sidebars_width":0,"ocean_sidebar":"0","ocean_second_sidebar":"0","ocean_disable_margins":"enable","ocean_add_body_class":"","ocean_shortcode_before_top_bar":"","ocean_shortcode_after_top_bar":"","ocean_shortcode_before_header":"","ocean_shortcode_after_header":"","ocean_has_shortcode":"","ocean_shortcode_after_title":"","ocean_shortcode_before_footer_widgets":"","ocean_shortcode_after_footer_widgets":"","ocean_shortcode_before_footer_bottom":"","ocean_shortcode_after_footer_bottom":"","ocean_display_top_bar":"default","ocean_display_header":"default","ocean_header_style":"","ocean_center_header_left_menu":"0","ocean_custom_header_template":"0","ocean_custom_logo":0,"ocean_custom_retina_logo":0,"ocean_custom_logo_max_width":0,"ocean_custom_logo_tablet_max_width":0,"ocean_custom_logo_mobile_max_width":0,"ocean_custom_logo_max_height":0,"ocean_custom_logo_tablet_max_height":0,"ocean_custom_logo_mobile_max_height":0,"ocean_header_custom_menu":"0","ocean_menu_typo_font_family":"0","ocean_menu_typo_font_subset":"","ocean_menu_typo_font_size":0,"ocean_menu_typo_font_size_tablet":0,"ocean_menu_typo_font_size_mobile":0,"ocean_menu_typo_font_size_unit":"px","ocean_menu_typo_font_weight":"","ocean_menu_typo_font_weight_tablet":"","ocean_menu_typo_font_weight_mobile":"","ocean_menu_typo_transform":"","ocean_menu_typo_transform_tablet":"","ocean_menu_typo_transform_mobile":"","ocean_menu_typo_line_height":0,"ocean_menu_typo_line_height_tablet":0,"ocean_menu_typo_line_height_mobile":0,"ocean_menu_typo_line_height_unit":"","ocean_menu_typo_spacing":0,"ocean_menu_typo_spacing_tablet":0,"ocean_menu_typo_spacing_mobile":0,"ocean_menu_typo_spacing_unit":"","ocean_menu_link_color":"","ocean_menu_link_color_hover":"","ocean_menu_link_color_active":"","ocean_menu_link_background":"","ocean_menu_link_hover_background":"","ocean_menu_link_active_background":"","ocean_menu_social_links_bg":"","ocean_menu_social_hover_links_bg":"","ocean_menu_social_links_color":"","ocean_menu_social_hover_links_color":"","ocean_disable_title":"default","ocean_disable_heading":"default","ocean_post_title":"","ocean_post_subheading":"","ocean_post_title_style":"","ocean_post_title_background_color":"","ocean_post_title_background":0,"ocean_post_title_bg_image_position":"","ocean_post_title_bg_image_attachment":"","ocean_post_title_bg_image_repeat":"","ocean_post_title_bg_image_size":"","ocean_post_title_height":0,"ocean_post_title_bg_overlay":0.5,"ocean_post_title_bg_overlay_color":"","ocean_disable_breadcrumbs":"default","ocean_breadcrumbs_color":"","ocean_breadcrumbs_separator_color":"","ocean_breadcrumbs_links_color":"","ocean_breadcrumbs_links_hover_color":"","ocean_display_footer_widgets":"default","ocean_display_footer_bottom":"default","ocean_custom_footer_template":"0","footnotes":""},"class_list":["post-1495","page","type-page","status-publish","hentry","entry","owp-thumbs-layout-horizontal","owp-btn-normal","owp-tabs-layout-horizontal","has-no-thumbnails","has-product-nav"],"_links":{"self":[{"href":"https:\/\/araflowers.ro\/en\/wp-json\/wp\/v2\/pages\/1495","targetHints":{"allow":["GET"]}}],"collection":[{"href":"https:\/\/araflowers.ro\/en\/wp-json\/wp\/v2\/pages"}],"about":[{"href":"https:\/\/araflowers.ro\/en\/wp-json\/wp\/v2\/types\/page"}],"author":[{"embeddable":true,"href":"https:\/\/araflowers.ro\/en\/wp-json\/wp\/v2\/users\/1"}],"replies":[{"embeddable":true,"href":"https:\/\/araflowers.ro\/en\/wp-json\/wp\/v2\/comments?post=1495"}],"version-history":[{"count":1,"href":"https:\/\/araflowers.ro\/en\/wp-json\/wp\/v2\/pages\/1495\/revisions"}],"predecessor-version":[{"id":1771,"href":"https:\/\/araflowers.ro\/en\/wp-json\/wp\/v2\/pages\/1495\/revisions\/1771"}],"wp:attachment":[{"href":"https:\/\/araflowers.ro\/en\/wp-json\/wp\/v2\/media?parent=1495"}],"curies":[{"name":"wp","href":"https:\/\/api.w.org\/{rel}","templated":true}]}}